{"id":13,"date":"2023-09-11T23:58:02","date_gmt":"2023-09-11T21:58:02","guid":{"rendered":"https:\/\/wp.mc-asesores.es\/inicio\/"},"modified":"2024-09-17T17:59:40","modified_gmt":"2024-09-17T15:59:40","slug":"inicio","status":"publish","type":"page","link":"https:\/\/mc-asesores.es\/en\/","title":{"rendered":"Home"},"content":{"rendered":"<p>[et_pb_section fb_built=\"1\u2033 _builder_version=\"4.22.1\u2033 _module_preset=\"default\" use_background_color_gradient=\"on\" background_color_gradient_stops=\"rgba(0,0,0,0,0.5) 0%|rgba(0,0,0,0,0.3) 100%\" background_color_gradient_overlays_image=\"on\" background_image=\"https:\/\/mc-asesores.es\/wp-content\/uploads\/primer-plano-personas-equipo-negocios-que-discuten-plan-financiero-Grande.jpg\" global_colors_info=\"{}\"][et_pb_row _builder_version=\"4.22.1\u2033 _module_preset=\"default\" max_width=\"1400px\" global_colors_info=\"{}\"][et_pb_column type=\"4_4\u2033 _builder_version=\"4.22.1\u2033 _module_preset=\"default\" global_colors_info=\"{}\"][et_pb_text _builder_version=\"4.22.1\u2033 _module_preset=\"default\" header_font=\"Montserrat||||||||\" header_text_align=\"center\" header_text_color=\"#FFFFFFFFFF\" header_line_height=\"1.7em\" hover_enabled=\"0\u2033 global_colors_info=\"{}\" sticky_enabled=\"0\u2033 text_text_color=\"#FFFFFFFF\" text_font_size=\"24px\" text_orientation=\"center\"]<\/p>\n<h1><strong>MC Advisors.<\/strong><\/h1>\n<p>More than advice.<\/p>\n<p><strong>Your Business Success in Expert Hands.<\/strong><\/p>\n<p>[\/et_pb_text][\/et_pb_column][\/et_pb_row][et_pb_row _builder_version=\"4.22.1\u2033 _module_preset=\"default\" max_width=\"1400px\" global_colors_info=\"{}\"][et_pb_column type=\"4_4\u2033 _builder_version=\"4.22.1\u2033 _module_preset=\"default\" global_colors_info=\"{}\"][et_pb_text _builder_version=\"4.22.1\u2033 _module_preset=\"default\" text_text_color=\"#FFFFFFFF\" header_2_font=\"Montserrat|500|||||||\" header_2_text_color=\"#FFFFFFFF\" header_2_font_size=\"18px\" header_2_line_height=\"1.7em\" hover_enabled=\"0\u2033 global_colors_info=\"{}\" sticky_enabled=\"0\u2033 text_font_size=\"21px\" header_2_text_align=\"center\"]<\/p>\n<h2>Welcome to <strong>Minceb Advisors S.L.<\/strong>,<\/h2>\n<p>your trusted advisor since 1993. In an ever-changing business world, we stand firm as your constant support in every decision you make.<\/p>\n<p>[\/et_pb_text][\/et_pb_column][\/et_pb_row][et_pb_row column_structure=\"1_3,1_3,1_3\u2033 _builder_version=\"4.22.1\u2033 _module_preset=\"default\" background_color=\"rgba(0,0,0,0,0.3)\" max_width=\"1400px\" custom_padding=\"25px|25px|25px|25px|25px|true|true\" border_radii=\"on|5px|5px|5px|5px|5px|5px\" global_colors_info=\"{}\"][et_pb_column type=\"1_3\u2033 _builder_version=\"4.22.1\u2033 _module_preset=\"default\" global_colors_info=\"{}\"][et_pb_blurb title=\"Personalized attention\" use_icon=\"on\" font_icon=\"\uf4fc||fa||900\u2033 icon_color=\"#f07c00\u2033 icon_placement=\"left\" image_icon_width=\"48px\" content_max_width=\"100%\" _builder_version=\"4.22.1\u2033 _module_preset=\"default\" header_level=\"h3\u2033 header_font=\"Montserrat|700|||||||\" header_text_color=\"#FFFFFFFFFF\" header_font_size=\"16px\" header_line_height=\"1.7em\" body_font=\"Montserrat|700||||||||\" body_text_color=\"#FFFFFFFFFF\" image_icon_custom_margin=\"10px||||false|false\" global_colors_info=\"{}\"]]<\/p>\n<p>From the very first moment, our experts will dedicate themselves to know your case in detail to provide you with customized solutions. Your success is our success.<\/p>\n<p>[\/et_pb_blurb][\/et_pb_column][et_pb_column type=\"1_3\u2033 _builder_version=\"4.22.1\u2033 _module_preset=\"default\" global_colors_info=\"{}\"][et_pb_blurb title=\"A legacy of excellence\" use_icon=\"on\" font_icon=\"\ue086||divi|||400\u2033 icon_color=\"#f07c00\u2033 icon_placement=\"left\" image_icon_width=\"48px\" content_max_width=\"100%\" _builder_version=\"4.22.1\u2033 _module_preset=\"default\" header_level=\"h3\u2033 header_font=\"Montserrat|700|||||||\" header_text_color=\"#FFFFFFFFFF\" header_font_size=\"16px\" header_line_height=\"1.7em\" body_font=\"Montserrat||||||||\" body_text_color=\"#FFFFFFFF\" image_icon_custom_margin=\"10px||||false|false\" global_colors_info=\"{}\"]]<\/p>\n<p>We have already <span id=\"yearsExperience1\">many<\/span><br \/>\nyears at your service, we have perfected our ability to understand and meet your specific needs, always being your reference in the world of consulting.<\/p>\n<p>[\/et_pb_blurb][et_pb_code _builder_version=\"4.22.1\u2033 _module_preset=\"default\" global_module=\"276\u2033 saved_tabs=\"all\" global_colors_info=\"{}\"]<script><!-- [et_pb_line_break_holder] -->\u00a0\u00a0 function calculateYears() {<!-- [et_pb_line_break_holder] -->\u00a0 \u00a0 \u00a0 const currentYear = new Date().getFullYear();<!-- [et_pb_line_break_holder] --><!-- [et_pb_line_break_holder] -->\u00a0 \u00a0 \u00a0 \/\/ C\u00e1lculo desde 1993<!-- [et_pb_line_break_holder] -->\u00a0 \u00a0 \u00a0 const startYear1 = 1993;<!-- [et_pb_line_break_holder] -->\u00a0 \u00a0 \u00a0 const years1 = currentYear - startYear1;<!-- [et_pb_line_break_holder] -->\u00a0 \u00a0 \u00a0 document.getElementById(\"yearsExperience1\").textContent = years1;<!-- [et_pb_line_break_holder] --><!-- [et_pb_line_break_holder] -->\u00a0 \u00a0 \u00a0 \/\/ C\u00e1lculo desde 1993<!-- [et_pb_line_break_holder] -->\u00a0 \u00a0 \u00a0 const startYear2 = 1993;<!-- [et_pb_line_break_holder] -->\u00a0 \u00a0 \u00a0 const years2 = currentYear - startYear2;<!-- [et_pb_line_break_holder] -->\u00a0 \u00a0 \u00a0 document.getElementById(\"yearsExperience2\").textContent = years2;<!-- [et_pb_line_break_holder] -->\u00a0\u00a0 }<!-- [et_pb_line_break_holder] --><!-- [et_pb_line_break_holder] -->\u00a0\u00a0 \/\/ Asegur\u00e9monos de que la funci\u00f3n se ejecute despu\u00e9s de que la p\u00e1gina haya cargado completamente.<!-- [et_pb_line_break_holder] -->\u00a0\u00a0 window.onload = calculateYears;<!-- [et_pb_line_break_holder] --><\/script>[\/et_pb_code][\/et_pb_column][et_pb_column type=\"1_3\u2033 _builder_version=\"4.22.1\u2033 _module_preset=\"default\" global_colors_info=\"{}\"][et_pb_blurb title=\"Albacete is our home\" use_icon=\"on\" font_icon=\"\ue081||divi|||400\u2033 icon_color=\"#f07c00\u2033 icon_placement=\"left\" image_icon_width=\"48px\" content_max_width=\"100%\" _builder_version=\"4.22.1\u2033 _module_preset=\"default\" header_level=\"h3\u2033 header_font=\"Montserrat|700|||||||\" header_text_color=\"#FFFFFFFFFF\" header_font_size=\"16px\" header_line_height=\"1.7em\" body_font=\"Montserrat|700||||||||\" body_text_color=\"#FFFFFFFFFF\" image_icon_custom_margin=\"10px||||false|false\" global_colors_info=\"{}\"]]<\/p>\n<p>Located in the heart of Albacete, our proximity allows us to better understand local businesses and to be accessible whenever you need us.<\/p>\n<p>[\/et_pb_blurb][\/et_pb_column][\/et_pb_row][\/et_pb_section][et_pb_section fb_built=\"1\u2033 _builder_version=\"4.22.1\u2033 _module_preset=\"default\" global_colors_info=\"{}\"][et_pb_row _builder_version=\"4.22.1\u2033 _module_preset=\"default\" global_colors_info=\"{}\"][et_pb_column type=\"4_4\u2033 _builder_version=\"4.22.1\u2033 _module_preset=\"default\" global_colors_info=\"{}\"][et_pb_text _builder_version=\"4.22.1\u2033 _module_preset=\"default\" text_font=\"Poppins|700|||on|||||\" text_text_color=\"#000000\u2033 text_font_size=\"24px\" text_orientation=\"center\" global_colors_info=\"{}\"]<\/p>\n<p>Our services<\/p>\n<p>[\/et_pb_text][\/et_pb_column][\/et_pb_row][et_pb_row column_structure=\u00bb1_3,1_3,1_3\u2033 make_equal=\u00bbon\u00bb _builder_version=\u00bb4.22.1\u2033 _module_preset=\"default\" max_width=\"1400px\" global_colors_info=\"{}\"][et_pb_column type=\"1_3\u2033 _builder_version=\"4.22.1\u2033 _module_preset=\"default\" background_color=\"#f7f7f7f7f7\u2033 global_colors_info=\"{}\"][et_pb_blurb title=\"FISCAL\" image=\"https:\/\/mc-asesores.es\/wp-content\/uploads\/fiscal-1.png\" alt=\"Fiscal\" image_icon_width=\"48px\" content_max_width=\"100%\" _builder_version=\"4.22.1\u2033 _module_preset=\"default\" header_level=\"h3\u2033 header_font=\"Poppins|700|||||||\" header_text_align=\"center\" header_text_color=\"#000000\u2033 header_font_size=\"16px\" header_line_height=\"1.7em\" body_text_color=\"#000000\u2033 background_enable_color=\"off\" image_icon_custom_custom_margin=\"10px||||false|false\" custom_padding=\"15px|15px|15px|15px|15px|true|true\" global_colors_info=\"{}\"]<\/p>\n<p><span>We analyze the particular situation of each client to optimize their tax costs. We take care of the preparation of all your company's tax returns.<\/span><\/p>\n<p>[\/et_pb_blurb][\/et_pb_column][et_pb_column type=\"1_3\u2033 _builder_version=\"4.22.1\u2033 _module_preset=\"default\" background_color=\"#f7f7f7f7f7\u2033 global_colors_info=\"{}\"][et_pb_blurb title=\"LABORAL\" image=\"https:\/\/mc-asesores.en\/wp-content\/uploads\/worker.png\" alt=\"Laboral\" image_icon_width=\"48px\" content_max_width=\"100%\" _builder_version=\"4.22.1\u2033 _module_preset=\"default\" header_level=\"h3\u2033 header_font=\"Poppins|700|||||||\" header_text_align=\"center\" header_text_color=\"#000000\u2033 header_font_size=\"16px\" header_line_height=\"1.7em\" body_text_color=\"#000000\u2033 background_enable_color=\"off\" image_icon_custom_custom_margin=\"10px||||false|false\" custom_padding=\"15px|15px|15px|15px|15px|true|true\" global_colors_info=\"{}\"]<\/p>\n<p><span>We advise you on the obligations of your company in labor and social security matters and help you in everything necessary to comply with them.<\/span><\/p>\n<p>[\/et_pb_blurb][\/et_pb_column][et_pb_column type=\"1_3\u2033 _builder_version=\"4.22.1\u2033 _module_preset=\"default\" background_color=\"#f7f7f7f7f7\u2033 global_colors_info=\"{}\"][et_pb_blurb title=\"ACCOUNTING\" image=\"https:\/\/mc-asesores.en\/wp-content\/uploads\/budget.png\" alt=\"Accountant\" image_icon_width=\"48px\" content_max_width=\"100%\" _builder_version=\"4.22.1\u2033 _module_preset=\"default\" header_level=\"h3\u2033 header_font=\"Poppins|700|||||||\" header_text_align=\"center\" header_text_color=\"#000000\u2033 header_font_size=\"16px\" header_line_height=\"1.7em\" body_text_color=\"#000000\u2033 background_enable_color=\"off\" image_icon_custom_custom_margin=\"10px||||false|false\" custom_padding=\"15px|15px|15px|15px|15px|true|true\" global_colors_info=\"{}\"]<\/p>\n<p><span>We keep your company's accounting up to date and professional. We prepare and present your company's books and annual accounts.<\/span><\/p>\n<p>[\/et_pb_blurb][\/et_pb_column][\/et_pb_row][et_pb_row _builder_version=\"4.22.1\u2033 _module_preset=\"default\" background_color=\"#efe0cb\" max_width=\"1400px\" custom_margin=\"20px||||false|false\" custom_padding=\"25px|25px|25px|25px|25px|true|true\" locked=\"off\" global_colors_info=\"{}\"]][et_pb_column type=\"4_4\u2033 _builder_version=\"4.22.1\u2033 _module_preset=\"default\" global_colors_info=\"{}\"][et_pb_icon font_icon font_icon=\"{||divi||400\u2033 icon_color=\"#f07c00\u2033 _builder_version=\"4.22.1\u2033 _module_preset=\"default\" custom_margin=\"-79px|||0px||false|false|false\" custom_padding=\"|||0px||false|false|false\" global_colors_info=\"{}\"][\/et_pbb_icon][\/et_pb_icon][et_pb_text _builder_version=\"4.22.1\u2033 _module_preset=\"default\" text_font=\"Montserrat||||||||\" text_text_color=\"#000000\u2033 text_font_size=\"18px\" text_line_height=\"1.8em\" header_2_font=\"Poppins|500|||||||\" header_2_text_color=\"#FFFFFFFFFF\" header_2_font_size=\"18px\" header_2_line_height=\"1.7em\" text_orientation=\"center\" global_colors_info=\"{}\"]<\/p>\n<p><span>With <strong>MC Advisors<\/strong>you don't just get a service, you get a <\/span><strong>experienced partner<\/strong><span> willing to walk <strong>by your side every step of the way.<\/strong><\/span><\/p>\n<p>[\/et_pb_text][\/et_pb_column][\/et_pb_row][et_pb_row column_structure=\u00bb1_3,1_3,1_3\u2033 make_equal=\u00bbon\u00bb _builder_version=\u00bb4.22.1\u2033 _module_preset=\"default\" max_width=\"1400px\" custom_margin=\"|auto|47px|auto|||\" custom_padding=\"52px|||||\" global_colors_info=\"{}\"][et_pb_column type=\"1_3\u2033 _builder_version=\"4.22.1\u2033 _module_preset=\"default\" background_color=\"#f7f7f7f7f7\u2033 global_colors_info=\"{}\"][et_pb_blurb title=\"LEGAL\" image=\"https:\/\/mc-asesores.es\/wp-content\/uploads\/obediente.png\" alt=\"Juridical\" image_icon_width=\"48px\" content_max_width=\"100%\" _builder_version=\"4.22.1\u2033 _module_preset=\"default\" header_level=\"h3\u2033 header_font=\"Poppins|700|||||||\" header_text_align=\"center\" header_text_color=\"#000000\u2033 header_font_size=\"16px\" header_line_height=\"1.7em\" body_text_color=\"#000000\u2033 background_enable_color=\"off\" image_icon_custom_custom_margin=\"10px||||false|false\" custom_padding=\"15px|15px|15px|15px|15px|true|true\" global_colors_info=\"{}\"]<\/p>\n<p><span>We have lawyers specialized in the different branches of law who will advise you on everything you need for your peace of mind.<\/span><\/p>\n<p>[\/et_pb_blurb][\/et_pb_column][et_pb_column type=\"1_3\u2033 _builder_version=\"4.22.1\u2033 _module_preset=\"default\" background_color=\"#f7f7f7f7f7\u2033 global_colors_info=\"{}\"][et_pb_blurb title=\"INSURANCE\" image=\"https:\/\/mc-asesores.en\/wp-content\/uploads\/proteger.png\" alt=\"Insurance\" image_icon_width=\"48px\" content_max_width=\"100%\" _builder_version=\"4.22.1\u2033 _module_preset=\"default\" header_level=\"h3\u2033 header_font=\"Poppins|700|||||||\" header_text_align=\"center\" header_text_color=\"#000000\u2033 header_font_size=\"16px\" header_line_height=\"1.7em\" body_text_color=\"#000000\u2033 background_enable_color=\"off\" image_icon_custom_custom_margin=\"10px||||false|false\" custom_padding=\"15px|15px|15px|15px|15px|true|true\" global_colors_info=\"{}\"]<\/p>\n<p><span>We have a wide range of diverse insurances with the greatest seriousness and professionalism. And all this at very competitive prices<\/span><\/p>\n<p>[\/et_pb_blurb][\/et_pb_column][et_pb_column type=\"1_3\u2033 _builder_version=\"4.22.1\u2033 _module_preset=\"default\" background_color=\"#f7f7f7f7f7\u2033 global_colors_info=\"{}\"][et_pb_blurb title=\"EXPERIENCE\" image=\"https:\/\/mc-asesores.en\/wp-content\/uploads\/experience.png\" alt=\"experience\" image_icon_width=\"48px\" content_max_width=\"100%\" _builder_version=\"4.22.1\u2033 _module_preset=\"default\" header_level=\"h3\u2033 header_font=\"Poppins|700|||||||\" header_text_align=\"center\" header_text_color=\"#000000\u2033 header_font_size=\"16px\" header_line_height=\"1.7em\" body_text_color=\"#000000\u2033 background_enable_color=\"off\" image_icon_custom_custom_margin=\"10px||||false|false\" custom_padding=\"15px|15px|15px|15px|15px|true|true\" global_colors_info=\"{}\"]<span>We have more than <span id=\"yearsExperience2\">29<\/span> years at your service. Find the best experts to help you with whatever your case may be.<\/span>[\/et_pb_blurb][\/et_pb_column][\/et_pb_row][\/et_pb_section]<\/p>","protected":false},"excerpt":{"rendered":"<p>MC Advisors. More than advice. Your Business Success in Expert Hands Welcome to Minceb Asesores S.L., your trusted advisor since 1993. In an ever-changing business world, we stand firm as your constant support in every decision you make.from the first moment, our experts will dedicate themselves to know your case in detail to provide you with the best [...]<\/p>","protected":false},"author":2,"featured_media":0,"parent":0,"menu_order":1,"comment_status":"closed","ping_status":"closed","template":"","meta":{"_et_pb_use_builder":"on","_et_pb_old_content":"","_et_gb_content_width":"","footnotes":""},"class_list":["post-13","page","type-page","status-publish","hentry"],"yoast_head":"<!-- This site is optimized with the Yoast SEO Premium plugin v20.5 (Yoast SEO v27.3) - https:\/\/yoast.com\/product\/yoast-seo-premium-wordpress\/ -->\n<title>MINCEB ASESORES S.L.: Expertos en Asesoramiento Integral en Albacete<\/title>\n<meta name=\"description\" content=\"Con 25 a\u00f1os de experiencia, MINCEB ASESORES S.L. es tu socio estrat\u00e9gico en Albacete. Ofrecemos soluciones en \u00e1reas fiscales, laborales, contables, jur\u00eddicas y de seguros.\" \/>\n<meta name=\"robots\" content=\"index, follow, max-snippet:-1, max-image-preview:large, max-video-preview:-1\" \/>\n<link rel=\"canonical\" href=\"https:\/\/mc-asesores.es\/en\/\" \/>\n<meta property=\"og:locale\" content=\"en_US\" \/>\n<meta property=\"og:type\" content=\"article\" \/>\n<meta property=\"og:title\" content=\"Inicio\" \/>\n<meta property=\"og:description\" content=\"Con 25 a\u00f1os de experiencia, MINCEB ASESORES S.L. es tu socio estrat\u00e9gico en Albacete. Ofrecemos soluciones en \u00e1reas fiscales, laborales, contables, jur\u00eddicas y de seguros.\" \/>\n<meta property=\"og:url\" content=\"https:\/\/mc-asesores.es\/en\/\" \/>\n<meta property=\"og:site_name\" content=\"Minceb Asesores\" \/>\n<meta property=\"article:modified_time\" content=\"2024-09-17T15:59:40+00:00\" \/>\n<meta name=\"twitter:card\" content=\"summary_large_image\" \/>\n<meta name=\"twitter:label1\" content=\"Est. reading time\" \/>\n\t<meta name=\"twitter:data1\" content=\"8 minutes\" \/>\n<script type=\"application\/ld+json\" class=\"yoast-schema-graph\">{\"@context\":\"https:\\\/\\\/schema.org\",\"@graph\":[{\"@type\":\"WebPage\",\"@id\":\"https:\\\/\\\/mc-asesores.es\\\/\",\"url\":\"https:\\\/\\\/mc-asesores.es\\\/\",\"name\":\"MINCEB ASESORES S.L.: Expertos en Asesoramiento Integral en Albacete\",\"isPartOf\":{\"@id\":\"https:\\\/\\\/mc-asesores.es\\\/#website\"},\"datePublished\":\"2023-09-11T21:58:02+00:00\",\"dateModified\":\"2024-09-17T15:59:40+00:00\",\"description\":\"Con 25 a\u00f1os de experiencia, MINCEB ASESORES S.L. es tu socio estrat\u00e9gico en Albacete. Ofrecemos soluciones en \u00e1reas fiscales, laborales, contables, jur\u00eddicas y de seguros.\",\"breadcrumb\":{\"@id\":\"https:\\\/\\\/mc-asesores.es\\\/#breadcrumb\"},\"inLanguage\":\"en-US\",\"potentialAction\":[{\"@type\":\"ReadAction\",\"target\":[\"https:\\\/\\\/mc-asesores.es\\\/\"]}]},{\"@type\":\"BreadcrumbList\",\"@id\":\"https:\\\/\\\/mc-asesores.es\\\/#breadcrumb\",\"itemListElement\":[{\"@type\":\"ListItem\",\"position\":1,\"name\":\"Home\",\"item\":\"https:\\\/\\\/mc-asesores.es\\\/\"},{\"@type\":\"ListItem\",\"position\":2,\"name\":\"Inicio\"}]},{\"@type\":\"WebSite\",\"@id\":\"https:\\\/\\\/mc-asesores.es\\\/#website\",\"url\":\"https:\\\/\\\/mc-asesores.es\\\/\",\"name\":\"Minceb Asesores\",\"description\":\"\",\"publisher\":{\"@id\":\"https:\\\/\\\/mc-asesores.es\\\/#organization\"},\"potentialAction\":[{\"@type\":\"SearchAction\",\"target\":{\"@type\":\"EntryPoint\",\"urlTemplate\":\"https:\\\/\\\/mc-asesores.es\\\/?s={search_term_string}\"},\"query-input\":{\"@type\":\"PropertyValueSpecification\",\"valueRequired\":true,\"valueName\":\"search_term_string\"}}],\"inLanguage\":\"en-US\"},{\"@type\":\"Organization\",\"@id\":\"https:\\\/\\\/mc-asesores.es\\\/#organization\",\"name\":\"Minceb Asesores S.L.\",\"url\":\"https:\\\/\\\/mc-asesores.es\\\/\",\"logo\":{\"@type\":\"ImageObject\",\"inLanguage\":\"en-US\",\"@id\":\"https:\\\/\\\/mc-asesores.es\\\/#\\\/schema\\\/logo\\\/image\\\/\",\"url\":\"https:\\\/\\\/mc-asesores.es\\\/wp-content\\\/uploads\\\/logo-minceb.png\",\"contentUrl\":\"https:\\\/\\\/mc-asesores.es\\\/wp-content\\\/uploads\\\/logo-minceb.png\",\"width\":399,\"height\":380,\"caption\":\"Minceb Asesores S.L.\"},\"image\":{\"@id\":\"https:\\\/\\\/mc-asesores.es\\\/#\\\/schema\\\/logo\\\/image\\\/\"}}]}<\/script>\n<!-- \/ Yoast SEO Premium plugin. -->","yoast_head_json":{"title":"MINCEB ASESORES S.L.: Expertos en Asesoramiento Integral en Albacete","description":"Con 25 a\u00f1os de experiencia, MINCEB ASESORES S.L. es tu socio estrat\u00e9gico en Albacete. Ofrecemos soluciones en \u00e1reas fiscales, laborales, contables, jur\u00eddicas y de seguros.","robots":{"index":"index","follow":"follow","max-snippet":"max-snippet:-1","max-image-preview":"max-image-preview:large","max-video-preview":"max-video-preview:-1"},"canonical":"https:\/\/mc-asesores.es\/en\/","og_locale":"en_US","og_type":"article","og_title":"Inicio","og_description":"Con 25 a\u00f1os de experiencia, MINCEB ASESORES S.L. es tu socio estrat\u00e9gico en Albacete. Ofrecemos soluciones en \u00e1reas fiscales, laborales, contables, jur\u00eddicas y de seguros.","og_url":"https:\/\/mc-asesores.es\/en\/","og_site_name":"Minceb Asesores","article_modified_time":"2024-09-17T15:59:40+00:00","twitter_card":"summary_large_image","twitter_misc":{"Est. reading time":"8 minutes"},"schema":{"@context":"https:\/\/schema.org","@graph":[{"@type":"WebPage","@id":"https:\/\/mc-asesores.es\/","url":"https:\/\/mc-asesores.es\/","name":"MINCEB ASESORES S.L.: Expertos en Asesoramiento Integral en Albacete","isPartOf":{"@id":"https:\/\/mc-asesores.es\/#website"},"datePublished":"2023-09-11T21:58:02+00:00","dateModified":"2024-09-17T15:59:40+00:00","description":"Con 25 a\u00f1os de experiencia, MINCEB ASESORES S.L. es tu socio estrat\u00e9gico en Albacete. Ofrecemos soluciones en \u00e1reas fiscales, laborales, contables, jur\u00eddicas y de seguros.","breadcrumb":{"@id":"https:\/\/mc-asesores.es\/#breadcrumb"},"inLanguage":"en-US","potentialAction":[{"@type":"ReadAction","target":["https:\/\/mc-asesores.es\/"]}]},{"@type":"BreadcrumbList","@id":"https:\/\/mc-asesores.es\/#breadcrumb","itemListElement":[{"@type":"ListItem","position":1,"name":"Home","item":"https:\/\/mc-asesores.es\/"},{"@type":"ListItem","position":2,"name":"Inicio"}]},{"@type":"WebSite","@id":"https:\/\/mc-asesores.es\/#website","url":"https:\/\/mc-asesores.es\/","name":"Minceb Asesores","description":"","publisher":{"@id":"https:\/\/mc-asesores.es\/#organization"},"potentialAction":[{"@type":"SearchAction","target":{"@type":"EntryPoint","urlTemplate":"https:\/\/mc-asesores.es\/?s={search_term_string}"},"query-input":{"@type":"PropertyValueSpecification","valueRequired":true,"valueName":"search_term_string"}}],"inLanguage":"en-US"},{"@type":"Organization","@id":"https:\/\/mc-asesores.es\/#organization","name":"Minceb Asesores S.L.","url":"https:\/\/mc-asesores.es\/","logo":{"@type":"ImageObject","inLanguage":"en-US","@id":"https:\/\/mc-asesores.es\/#\/schema\/logo\/image\/","url":"https:\/\/mc-asesores.es\/wp-content\/uploads\/logo-minceb.png","contentUrl":"https:\/\/mc-asesores.es\/wp-content\/uploads\/logo-minceb.png","width":399,"height":380,"caption":"Minceb Asesores S.L."},"image":{"@id":"https:\/\/mc-asesores.es\/#\/schema\/logo\/image\/"}}]}},"_links":{"self":[{"href":"https:\/\/mc-asesores.es\/en\/wp-json\/wp\/v2\/pages\/13","targetHints":{"allow":["GET"]}}],"collection":[{"href":"https:\/\/mc-asesores.es\/en\/wp-json\/wp\/v2\/pages"}],"about":[{"href":"https:\/\/mc-asesores.es\/en\/wp-json\/wp\/v2\/types\/page"}],"author":[{"embeddable":true,"href":"https:\/\/mc-asesores.es\/en\/wp-json\/wp\/v2\/users\/2"}],"replies":[{"embeddable":true,"href":"https:\/\/mc-asesores.es\/en\/wp-json\/wp\/v2\/comments?post=13"}],"version-history":[{"count":30,"href":"https:\/\/mc-asesores.es\/en\/wp-json\/wp\/v2\/pages\/13\/revisions"}],"predecessor-version":[{"id":382,"href":"https:\/\/mc-asesores.es\/en\/wp-json\/wp\/v2\/pages\/13\/revisions\/382"}],"wp:attachment":[{"href":"https:\/\/mc-asesores.es\/en\/wp-json\/wp\/v2\/media?parent=13"}],"curies":[{"name":"wp","href":"https:\/\/api.w.org\/{rel}","templated":true}]}}