{"id":17,"date":"2023-09-11T23:58:02","date_gmt":"2023-09-11T21:58:02","guid":{"rendered":"https:\/\/wp.mc-asesores.es\/laboral\/"},"modified":"2023-09-18T09:45:01","modified_gmt":"2023-09-18T07:45:01","slug":"laboral","status":"publish","type":"page","link":"https:\/\/mc-asesores.es\/en\/labor\/","title":{"rendered":"Laboral"},"content":{"rendered":"<p>[et_pb_section fb_built=\"1\u2033 _builder_version=\"4.22.1\u2033 _module_preset=\"default\" use_background_color_gradient=\"on\" background_color_gradient_stops=\"rgba(0,0,0,0,0.5) 0%|rgba(0,0,0,0,0.3) 100%\" background_color_gradient_overlays_image=\"on\" background_image=\"https:\/\/mc-asesores.es\/wp-content\/uploads\/hombre-negocios-examen-papeles-tabla-Grande.jpg\" custom_padding=\"100px|||100px|||true|false\" locked=\"off\" global_colors_info=\"{}\"][et_pb_row _builder_version=\"4.22.1\u2033 _module_preset=\"default\" max_width=\"1400px\" global_colors_info=\"{}\"][et_pb_column type=\"4_4\u2033 _builder_version=\"4.22.1\u2033 _module_preset=\"default\" global_colors_info=\"{}\"][et_pb_text _builder_version=\"4.22.1\u2033 _module_preset=\"default\" header_font=\"Montserrat|700|||||||\" header_text_align=\"left\" header_text_color=\"#FFFFFFFFFF\" header_line_height=\"1.7em\" custom_margin=\"0px||0px||false|false|false\" custom_padding=\"0px||0px|||false|false|false\" global_colors_info=\"{}\"]]<\/p>\n<h1>Labor Service<\/h1>\n<p>[\/et_pb_text][\/et_pb_column][\/et_pb_row][et_pb_row _builder_version=\"4.22.1\u2033 _module_preset=\"default\" background_color=\"rgba(0,0,0,0,0.3)\" max_width=\"1400px\" custom_padding=\"25px|25px|25px|25px|25px|true|true\" border_radii=\"on|5px|5px|5px|5px|5px|5px\" global_colors_info=\"{}\"][et_pbb_column type=\"4_4\u2033 _builder_version=\"4.22.1\u2033 _module_preset=\"default\" global_colors_info=\"{}\"][et_pb_blurb title=\"We help you with your work arrangements\" icon_placement=\"left\" image_icon_width=\"48px\" content_max_width=\"100%\" _builder_version=\"4.22.1\u2033 _module_preset=\"default\" header_level=\"h3\u2033 header_font=\"Poppins|700|||||||\" header_text_color=\"#FFFFFFFFFF\" header_font_size=\"20px\" header_line_height=\"1.7em\" body_font=\"Montserrat|300|||||||\" body_text_color=\"#FFFFFFFFFF\" body_font_size=\"20px\" body_line_height=\"1.8em\" image_icon_custom_custom_margin=\"10px||||false|false\" global_colors_info=\"{}\"]]<\/p>\n<p><span>We know what is important. At MINCEB ASESORES S.L., our commitment is to provide accurate and efficient labor solutions for your company, allowing you to focus on what you do best: running your business.<\/span><\/p>\n<p>[\/et_pb_blurb][\/et_pb_column][\/et_pb_row][\/et_pb_section][et_pb_section fb_built=\"1\u2033 _builder_version=\"4.22.1\u2033 _module_preset=\"default\" locked=\"off\" global_colors_info=\"{}\"][et_pb_row _builder_version=\"4.22.1\u2033 _module_preset=\"default\" global_colors_info=\"{}\"][et_pb_column type=\"4_4\u2033 _builder_version=\"4.22.1\u2033 _module_preset=\"default\" global_colors_info=\"{}\"][et_pb_text _builder_version=\"4.22.1\u2033 _module_preset=\"default\" text_font=\"Poppins|700|||on|||||\" text_text_color=\"#000000\u2033 text_font_size=\"24px\" text_orientation=\"center\" global_colors_info=\"{}\"]<\/p>\n<p>Main labor services<\/p>\n<p>[\/et_pb_text][\/et_pb_column][\/et_pb_row][et_pb_row _builder_version=\"4.22.1\u2033 _module_preset=\"default\" max_width=\"1400px\" custom_padding=\"47px|||||\" global_colors_info=\"{}\"][et_pb_column type=\"4_4\u2033 _builder_version=\"4.22.1\u2033 _module_preset=\"default\" global_colors_info=\"{}\"][et_pb_blurb title=\"Legislation and Collective Agreements\" use_icon=\"on\" font_icon=\"\uf00c||fa|||900\u2033 icon_color=\"#f07c00\u2033 icon_placement=\"left\" image_icon_width=\"48px\" content_max_width=\"100%\" _builder_version=\"4.22.1\u2033 _module_preset=\"default\" header_level=\"h3\u2033 header_font=\"Poppins|700||on|||||\" header_text_align=\"left\" header_text_color=\"#000000\u2033 header_font_size=\"18px\" header_line_height=\"1.7em\" body_text_color=\"#000000\u2033 body_font_size=\"16px\" background_color=\"#f7f7f7f7f7\u2033 image_icon_custom_padding=\"|25px||25px|false|true\" custom_padding=\"15px|15px|15px|15px|15px|true|true|true\" global_colors_info=\"{}\"]]<\/p>\n<p><span>We advise on current labor legislation, collective bargaining agreements applicable to your company, and help you select the most appropriate hiring method according to your needs.<\/span><\/p>\n<p>[\/et_pb_blurb][et_pb_blurb title=\"Payroll and Social Security Management\" use_icon=\"on\" font_icon=\"\uf00c||fa|||900\u2033 icon_color=\"#f07c00\u2033 icon_placement=\"left\" image_icon_width=\"48px\" content_max_width=\"100%\" _builder_version=\"4.22.1\u2033 _module_preset=\"default\" header_level=\"h3\u2033 header_font=\"Poppins|700||on|||||\" header_text_align=\"left\" header_text_color=\"#000000\u2033 header_font_size=\"18px\" header_line_height=\"1.7em\" body_text_color=\"#000000\u2033 body_font_size=\"16px\" background_color=\"#f7f7f7f7f7\u2033 image_icon_custom_padding=\"|25px||25px|false|true\" custom_padding=\"15px|15px|15px|15px|15px|true|true|true\" global_colors_info=\"{}\"]]<\/p>\n<p><span>We prepare salary receipts, social security and we guarantee an effective transmission to the Social Security through the RED System.<\/span><\/p>\n<p>[\/et_pb_blurb][et_pb_blurb title=\"PROCEDURES WITH SOCIAL SECURITY\" use_icon=\"on\" font_icon=\"\uf00c||fa|||900\u2033 icon_color=\"#f07c00\u2033 icon_placement=\"left\" image_icon_width=\"48px\" content_max_width=\"100%\" _builder_version=\"4.22.1\u2033 _module_preset=\"default\" header_level=\"h3\u2033 header_font=\"Poppins|700||on|||||\" header_text_align=\"left\" header_text_color=\"#000000\u2033 header_font_size=\"18px\" header_line_height=\"1.7em\" body_text_color=\"#000000\u2033 body_font_size=\"16px\" background_color=\"#f7f7f7f7f7\u2033 image_icon_custom_padding=\"|25px||25px|false|true\" custom_padding=\"15px|15px|15px|15px|15px|true|true|true\" global_colors_info=\"{}\"]]<\/p>\n<p><span>We take care of the registrations, cancellations and variations of your employees before the Social Security, as well as the notification of sickness and accident reports through the DELTA System.<\/span><\/p>\n<p>[\/et_pb_blurb][et_pb_blurb title=\"JOB CONTRACTS\" use_icon=\"on\" font_icon=\"\uf00c||fa|||900\u2033 icon_color=\"#f07c00\u2033 icon_placement=\"left\" image_icon_width=\"48px\" content_max_width=\"100%\" _builder_version=\"4.22.1\u2033 _module_preset=\"default\" header_level=\"h3\u2033 header_font=\"Poppins|700||on|||||\" header_text_align=\"left\" header_text_color=\"#000000\u2033 header_font_size=\"18px\" header_line_height=\"1.7em\" body_text_color=\"#000000\u2033 body_font_size=\"16px\" background_color=\"#f7f7f7f7f7\u2033 image_icon_custom_padding=\"|25px||25px|false|true\" custom_padding=\"15px|15px|15px|15px|15px|true|true|true\" global_colors_info=\"{}\"]]<\/p>\n<p><span>We prepare and communicate to the SEPE all employment contracts, modifications, extensions and renewals, always evaluating available subsidies and bonuses.<\/span><\/p>\n<p>[\/et_pb_blurb][et_pb_blurb title=\"STANDARDS AND AGREEMENTS\" use_icon=\"on\" font_icon=\"\uf00c||fa|||900\u2033 icon_color=\"#f07c00\u2033 icon_placement=\"left\" image_icon_width=\"48px\" content_max_width=\"100%\" _builder_version=\"4.22.1\u2033 _module_preset=\"default\" header_level=\"h3\u2033 header_font=\"Poppins|700||on|||||\" header_text_align=\"left\" header_text_color=\"#000000\u2033 header_font_size=\"18px\" header_line_height=\"1.7em\" body_text_color=\"#000000\u2033 body_font_size=\"16px\" background_color=\"#f7f7f7f7f7\u2033 image_icon_custom_padding=\"|25px||25px|false|true\" custom_padding=\"15px|15px|15px|15px|15px|true|true|true\" global_colors_info=\"{}\"]]<\/p>\n<p><span>We keep labor agreements and regulations up to date, and we calculate settlements and severance payments in the event of terminations.<\/span><\/p>\n<p>[\/et_pb_blurb][et_pb_blurb title=\"DISCIPLINARY REGIME\" use_icon=\"on\" font_icon=\"\uf00c||fa|||900\u2033 icon_color=\"#f07c00\u2033 icon_placement=\"left\" image_icon_width=\"48px\" content_max_width=\"100%\" _builder_version=\"4.22.1\u2033 _module_preset=\"default\" header_level=\"h3\u2033 header_font=\"Poppins|700||on|||||\" header_text_align=\"left\" header_text_color=\"#000000\u2033 header_font_size=\"18px\" header_line_height=\"1.7em\" body_text_color=\"#000000\u2033 body_font_size=\"16px\" background_color=\"#f7f7f7f7f7\u2033 image_icon_custom_padding=\"|25px||25px|false|true\" custom_padding=\"15px|15px|15px|15px|15px|true|true|true\" global_colors_info=\"{}\"]]<\/p>\n<p><span>Advice on the application of the disciplinary regime in the company: Sanctions, Disciplinary Dismissal.<\/span><\/p>\n<p>[\/et_pb_blurb][et_pb_blurb title=\"REPRESENTATION AND DEFENSE\" use_icon=\"on\" font_icon=\"\uf00c||fa|||900\u2033 icon_color=\"#f07c00\u2033 icon_placement=\"left\" image_icon_width=\"48px\" content_max_width=\"100%\" _builder_version=\"4.22.1\u2033 _module_preset=\"default\" header_level=\"h3\u2033 header_font=\"Poppins|700||on|||||\" header_text_align=\"left\" header_text_color=\"#000000\u2033 header_font_size=\"18px\" header_line_height=\"1.7em\" body_text_color=\"#000000\u2033 body_font_size=\"16px\" background_color=\"#f7f7f7f7f7\u2033 image_icon_custom_padding=\"|25px||25px|false|true\" custom_padding=\"15px|15px|15px|15px|15px|true|true|true\" hover_enabled=\"0\u2033 global_colors_info=\"{}\" sticky_enabled=\"0\u2033]<\/p>\n<p><span>Assistance and representation before the Mediation and Arbitration Unit (UMAC) and\/or other agencies against claims.<br \/>Legal advice and defense in case of claims or legal action.<br \/><\/span><\/p>\n<p>[\/et_pb_blurb][et_pb_blurb title=\"ARTIST AND BULLFIGHTING SPECIALIZATION\" use_icon=\"on\" font_icon=\"\uf00c||fa|||900\u2033 icon_color=\"#f07c00\u2033 icon_placement=\"left\" image_icon_width=\"48px\" content_max_width=\"100%\" _builder_version=\"4.22.1\u2033 _module_preset=\"default\" header_level=\"h3\u2033 header_font=\"Poppins|700||on|||||\" header_text_align=\"left\" header_text_color=\"#000000\u2033 header_font_size=\"18px\" header_line_height=\"1.7em\" body_text_color=\"#000000\u2033 body_font_size=\"16px\" background_color=\"#f7f7f7f7f7\u2033 image_icon_custom_padding=\"|25px||25px|false|true\" custom_padding=\"15px|15px|15px|15px|15px|true|true|true\" global_colors_info=\"{}\"]]<\/p>\n<p><span>We have in-depth expertise in the special regime for bullfighting artists and professionals.<\/span><\/p>\n<p>[\/et_pb_blurb][et_pb_blurb title=\"LABOR AUDIT\" use_icon=\"on\" font_icon=\"\uf00c||fa||900\u2033 icon_color=\"#f07c00\u2033 icon_placement=\"left\" image_icon_width=\"48px\" content_max_width=\"100%\" _builder_version=\"4.22.1\u2033 _module_preset=\"default\" header_level=\"h3\u2033 header_font=\"Poppins|700||on|||||\" header_text_align=\"left\" header_text_color=\"#000000\u2033 header_font_size=\"18px\" header_line_height=\"1.7em\" body_text_color=\"#000000\u2033 body_font_size=\"16px\" background_color=\"#f7f7f7f7f7\u2033 image_icon_custom_padding=\"|25px||25px|false|true\" custom_padding=\"15px|15px|15px|15px|15px|true|true|true\" global_colors_info=\"{}\"]]<\/p>\n<p><span>We perform a detailed analysis of your company from a legal-labor point of view, delivering LABOR AUDIT reports that highlight areas of improvement and compliance.<\/span><\/p>\n<p>[\/et_pb_blurb][\/et_pb_column][\/et_pb_row][et_pb_row column_structure=\"1_2,1_2\u2033 make_equal=\"on\" _builder_version=\"4.22.1\u2033 _module_preset=\"default\" max_width=\"1400px\" global_colors_info=\"{}\"][et_pb_column type=\"1_2\u2033 _builder_version=\"4.22.1\u2033 _module_preset=\"default\" background_image=\"https:\/\/mc-asesores.es\/wp-content\/uploads\/trabajador-uniforme-casco-gafas-protectoras-scaled.jpg\" global_colors_info=\"{}\"][\/et_pb_column][et_pb_column type=\"1_2\u2033 _builder_version=\"4.22.1\u2033 _module_preset=\"default\" global_colors_info=\"{}\"][et_pb_blurb title=\"Occupational Risk Prevention\" alt=\"worker-uniform-helmet-protective-goggles\" icon_placement=\"left\" image_icon_width=\"90px\" content_max_width=\"100%\" _builder_version=\"4.22.1\u2033 _module_preset=\"default\" header_level=\"h3\u2033 header_font=\"Poppins|700||on|||||\" header_text_align=\"left\" header_text_color=\"#000000\u2033 header_font_size=\"18px\" header_line_height=\"1.7em\" body_text_color=\"#000000\u2033 body_font_size=\"16px\" background_color=\"#f7f7f7f7f7\u2033 custom_padding=\"15px|15px|15px|15px|15px|15px|true|true\" border_width_left=\"5px\" border_color_left=\"#f07c00\u2033 global_colors_info=\"{}\"]<\/p>\n<p><span>Leave nothing to chance. Our team, specialized in occupational health and safety, advises you on everything related to risk prevention. With certified technicians in Occupational Safety, Industrial Hygiene and Ergonomics, we provide you with the necessary expert advice. In addition, we help you choose the best Prevention Management System for your company and carry out internal audits to ensure continuous improvement.<\/span><\/p>\n<p>[\/et_pb_blurb][\/et_pb_column][\/et_pb_row][et_pb_row _builder_version=\"4.22.1\u2033 _module_preset=\"default\" background_color=\"#efe0cb\" max_width=\"1400px\" custom_margin=\"20px||||false|false\" custom_padding=\"25px|25px|25px|25px|25px|true|true\" locked=\"off\" global_colors_info=\"{}\"]][et_pb_column type=\"4_4\u2033 _builder_version=\"4.22.1\u2033 _module_preset=\"default\" global_colors_info=\"{}\"][et_pb_icon font_icon font_icon=\"{||divi||400\u2033 icon_color=\"#f07c00\u2033 _builder_version=\"4.22.1\u2033 _module_preset=\"default\" custom_margin=\"-79px|||0px||false|false|false\" custom_padding=\"|||0px||false|false|false\" global_colors_info=\"{}\"][\/et_pbb_icon][\/et_pb_icon][et_pb_text _builder_version=\"4.22.1\u2033 _module_preset=\"default\" text_font=\"Montserrat||||||||\" text_text_color=\"#000000\u2033 text_font_size=\"18px\" text_line_height=\"1.8em\" header_2_font=\"Poppins|500|||||||\" header_2_text_color=\"#FFFFFFFFFF\" header_2_font_size=\"18px\" header_2_line_height=\"1.7em\" text_orientation=\"center\" global_colors_info=\"{}\"]<\/p>\n<p><span><strong>Rely on Minceb Asesores S.L.<\/strong> For an exceptional and personalized labor service<\/span><\/p>\n<p>[\/et_pb_text][\/et_pb_column][\/et_pb_row][\/et_pb_section]<\/p>","protected":false},"excerpt":{"rendered":"<p>Labor ServicesWe know what is important. At MINCEB ASESORES S.L., our commitment is to provide accurate and efficient labor solutions for your company, allowing you to focus on what you do best: running your business.Main labor servicesWe advise on current labor legislation, collective bargaining agreements applicable to your company, and we help you select the type of employment contract that best suits your needs.<\/p>","protected":false},"author":2,"featured_media":0,"parent":0,"menu_order":5,"comment_status":"closed","ping_status":"closed","template":"","meta":{"_et_pb_use_builder":"on","_et_pb_old_content":"","_et_gb_content_width":"","footnotes":""},"class_list":["post-17","page","type-page","status-publish","hentry"],"yoast_head":"<!-- This site is optimized with the Yoast SEO Premium plugin v20.5 (Yoast SEO v27.3) - https:\/\/yoast.com\/product\/yoast-seo-premium-wordpress\/ -->\n<title>Gesti\u00f3n Laboral | MINCEB ASESORES S.L.: Experto en Legislaci\u00f3n Laboral y Seguridad Social<\/title>\n<meta name=\"description\" content=\"Desde contrataciones hasta prevenci\u00f3n de riesgos laborales, garantizamos un manejo integral y eficiente de las necesidades laborales de tu empresa.\" \/>\n<meta name=\"robots\" content=\"index, follow, max-snippet:-1, max-image-preview:large, max-video-preview:-1\" \/>\n<link rel=\"canonical\" href=\"https:\/\/mc-asesores.es\/en\/labor\/\" \/>\n<meta property=\"og:locale\" content=\"en_US\" \/>\n<meta property=\"og:type\" content=\"article\" \/>\n<meta property=\"og:title\" content=\"Laboral\" \/>\n<meta property=\"og:description\" content=\"Desde contrataciones hasta prevenci\u00f3n de riesgos laborales, garantizamos un manejo integral y eficiente de las necesidades laborales de tu empresa.\" \/>\n<meta property=\"og:url\" content=\"https:\/\/mc-asesores.es\/en\/labor\/\" \/>\n<meta property=\"og:site_name\" content=\"Minceb Asesores\" \/>\n<meta property=\"article:modified_time\" content=\"2023-09-18T07:45:01+00:00\" \/>\n<meta name=\"twitter:card\" content=\"summary_large_image\" \/>\n<meta name=\"twitter:label1\" content=\"Est. reading time\" \/>\n\t<meta name=\"twitter:data1\" content=\"9 minutes\" \/>\n<script type=\"application\/ld+json\" class=\"yoast-schema-graph\">{\"@context\":\"https:\\\/\\\/schema.org\",\"@graph\":[{\"@type\":\"WebPage\",\"@id\":\"https:\\\/\\\/mc-asesores.es\\\/laboral\\\/\",\"url\":\"https:\\\/\\\/mc-asesores.es\\\/laboral\\\/\",\"name\":\"Gesti\u00f3n Laboral | MINCEB ASESORES S.L.: Experto en Legislaci\u00f3n Laboral y Seguridad Social\",\"isPartOf\":{\"@id\":\"https:\\\/\\\/mc-asesores.es\\\/#website\"},\"datePublished\":\"2023-09-11T21:58:02+00:00\",\"dateModified\":\"2023-09-18T07:45:01+00:00\",\"description\":\"Desde contrataciones hasta prevenci\u00f3n de riesgos laborales, garantizamos un manejo integral y eficiente de las necesidades laborales de tu empresa.\",\"breadcrumb\":{\"@id\":\"https:\\\/\\\/mc-asesores.es\\\/laboral\\\/#breadcrumb\"},\"inLanguage\":\"en-US\",\"potentialAction\":[{\"@type\":\"ReadAction\",\"target\":[\"https:\\\/\\\/mc-asesores.es\\\/laboral\\\/\"]}]},{\"@type\":\"BreadcrumbList\",\"@id\":\"https:\\\/\\\/mc-asesores.es\\\/laboral\\\/#breadcrumb\",\"itemListElement\":[{\"@type\":\"ListItem\",\"position\":1,\"name\":\"Home\",\"item\":\"https:\\\/\\\/mc-asesores.es\\\/\"},{\"@type\":\"ListItem\",\"position\":2,\"name\":\"Laboral\"}]},{\"@type\":\"WebSite\",\"@id\":\"https:\\\/\\\/mc-asesores.es\\\/#website\",\"url\":\"https:\\\/\\\/mc-asesores.es\\\/\",\"name\":\"Minceb Asesores\",\"description\":\"\",\"publisher\":{\"@id\":\"https:\\\/\\\/mc-asesores.es\\\/#organization\"},\"potentialAction\":[{\"@type\":\"SearchAction\",\"target\":{\"@type\":\"EntryPoint\",\"urlTemplate\":\"https:\\\/\\\/mc-asesores.es\\\/?s={search_term_string}\"},\"query-input\":{\"@type\":\"PropertyValueSpecification\",\"valueRequired\":true,\"valueName\":\"search_term_string\"}}],\"inLanguage\":\"en-US\"},{\"@type\":\"Organization\",\"@id\":\"https:\\\/\\\/mc-asesores.es\\\/#organization\",\"name\":\"Minceb Asesores S.L.\",\"url\":\"https:\\\/\\\/mc-asesores.es\\\/\",\"logo\":{\"@type\":\"ImageObject\",\"inLanguage\":\"en-US\",\"@id\":\"https:\\\/\\\/mc-asesores.es\\\/#\\\/schema\\\/logo\\\/image\\\/\",\"url\":\"https:\\\/\\\/mc-asesores.es\\\/wp-content\\\/uploads\\\/logo-minceb.png\",\"contentUrl\":\"https:\\\/\\\/mc-asesores.es\\\/wp-content\\\/uploads\\\/logo-minceb.png\",\"width\":399,\"height\":380,\"caption\":\"Minceb Asesores S.L.\"},\"image\":{\"@id\":\"https:\\\/\\\/mc-asesores.es\\\/#\\\/schema\\\/logo\\\/image\\\/\"}}]}<\/script>\n<!-- \/ Yoast SEO Premium plugin. -->","yoast_head_json":{"title":"Gesti\u00f3n Laboral | MINCEB ASESORES S.L.: Experto en Legislaci\u00f3n Laboral y Seguridad Social","description":"Desde contrataciones hasta prevenci\u00f3n de riesgos laborales, garantizamos un manejo integral y eficiente de las necesidades laborales de tu empresa.","robots":{"index":"index","follow":"follow","max-snippet":"max-snippet:-1","max-image-preview":"max-image-preview:large","max-video-preview":"max-video-preview:-1"},"canonical":"https:\/\/mc-asesores.es\/en\/labor\/","og_locale":"en_US","og_type":"article","og_title":"Laboral","og_description":"Desde contrataciones hasta prevenci\u00f3n de riesgos laborales, garantizamos un manejo integral y eficiente de las necesidades laborales de tu empresa.","og_url":"https:\/\/mc-asesores.es\/en\/labor\/","og_site_name":"Minceb Asesores","article_modified_time":"2023-09-18T07:45:01+00:00","twitter_card":"summary_large_image","twitter_misc":{"Est. reading time":"9 minutes"},"schema":{"@context":"https:\/\/schema.org","@graph":[{"@type":"WebPage","@id":"https:\/\/mc-asesores.es\/laboral\/","url":"https:\/\/mc-asesores.es\/laboral\/","name":"Gesti\u00f3n Laboral | MINCEB ASESORES S.L.: Experto en Legislaci\u00f3n Laboral y Seguridad Social","isPartOf":{"@id":"https:\/\/mc-asesores.es\/#website"},"datePublished":"2023-09-11T21:58:02+00:00","dateModified":"2023-09-18T07:45:01+00:00","description":"Desde contrataciones hasta prevenci\u00f3n de riesgos laborales, garantizamos un manejo integral y eficiente de las necesidades laborales de tu empresa.","breadcrumb":{"@id":"https:\/\/mc-asesores.es\/laboral\/#breadcrumb"},"inLanguage":"en-US","potentialAction":[{"@type":"ReadAction","target":["https:\/\/mc-asesores.es\/laboral\/"]}]},{"@type":"BreadcrumbList","@id":"https:\/\/mc-asesores.es\/laboral\/#breadcrumb","itemListElement":[{"@type":"ListItem","position":1,"name":"Home","item":"https:\/\/mc-asesores.es\/"},{"@type":"ListItem","position":2,"name":"Laboral"}]},{"@type":"WebSite","@id":"https:\/\/mc-asesores.es\/#website","url":"https:\/\/mc-asesores.es\/","name":"Minceb Asesores","description":"","publisher":{"@id":"https:\/\/mc-asesores.es\/#organization"},"potentialAction":[{"@type":"SearchAction","target":{"@type":"EntryPoint","urlTemplate":"https:\/\/mc-asesores.es\/?s={search_term_string}"},"query-input":{"@type":"PropertyValueSpecification","valueRequired":true,"valueName":"search_term_string"}}],"inLanguage":"en-US"},{"@type":"Organization","@id":"https:\/\/mc-asesores.es\/#organization","name":"Minceb Asesores S.L.","url":"https:\/\/mc-asesores.es\/","logo":{"@type":"ImageObject","inLanguage":"en-US","@id":"https:\/\/mc-asesores.es\/#\/schema\/logo\/image\/","url":"https:\/\/mc-asesores.es\/wp-content\/uploads\/logo-minceb.png","contentUrl":"https:\/\/mc-asesores.es\/wp-content\/uploads\/logo-minceb.png","width":399,"height":380,"caption":"Minceb Asesores S.L."},"image":{"@id":"https:\/\/mc-asesores.es\/#\/schema\/logo\/image\/"}}]}},"_links":{"self":[{"href":"https:\/\/mc-asesores.es\/en\/wp-json\/wp\/v2\/pages\/17","targetHints":{"allow":["GET"]}}],"collection":[{"href":"https:\/\/mc-asesores.es\/en\/wp-json\/wp\/v2\/pages"}],"about":[{"href":"https:\/\/mc-asesores.es\/en\/wp-json\/wp\/v2\/types\/page"}],"author":[{"embeddable":true,"href":"https:\/\/mc-asesores.es\/en\/wp-json\/wp\/v2\/users\/2"}],"replies":[{"embeddable":true,"href":"https:\/\/mc-asesores.es\/en\/wp-json\/wp\/v2\/comments?post=17"}],"version-history":[{"count":6,"href":"https:\/\/mc-asesores.es\/en\/wp-json\/wp\/v2\/pages\/17\/revisions"}],"predecessor-version":[{"id":254,"href":"https:\/\/mc-asesores.es\/en\/wp-json\/wp\/v2\/pages\/17\/revisions\/254"}],"wp:attachment":[{"href":"https:\/\/mc-asesores.es\/en\/wp-json\/wp\/v2\/media?parent=17"}],"curies":[{"name":"wp","href":"https:\/\/api.w.org\/{rel}","templated":true}]}}