{"id":19,"date":"2023-09-11T23:58:02","date_gmt":"2023-09-11T21:58:02","guid":{"rendered":"https:\/\/wp.mc-asesores.es\/juridico\/"},"modified":"2023-09-14T16:11:22","modified_gmt":"2023-09-14T14:11:22","slug":"juridico","status":"publish","type":"page","link":"https:\/\/mc-asesores.es\/en\/legal\/","title":{"rendered":"Legal"},"content":{"rendered":"<p>[et_pb_section fb_built=\"1\u2033 _builder_version=\"4.22.1\u2033 _module_preset=\"default\" use_background_color_gradient=\"on\" background_color_gradient_stops=\"rgba(0,0,0,0,0.5) 0%|rgba(0,0,0,0,0.3) 100%\" background_color_gradient_overlays_image=\"on\" background_image=\"https:\/\/mc-asesores.en\/wp-content\/uploads\/screen-capture-person-who-writes-book-book-on-table-large.jpg\" custom_padding=\"100px||100px||true|false\" locked=\"off\" global_colors_info=\"{}\"][et_pb_row _builder_version=\"4.22.1\u2033 _module_preset=\"default\" max_width=\"1400px\" global_colors_info=\"{}\"][et_pb_column type=\"4_4\u2033 _builder_version=\"4.22.1\u2033 _module_preset=\"default\" global_colors_info=\"{}\"][et_pb_text _builder_version=\"4.22.1\u2033 _module_preset=\"default\" header_font=\"Montserrat|700|||||||\" header_text_align=\"left\" header_text_color=\"#FFFFFFFFFF\" header_line_height=\"1.7em\" custom_margin=\"0px||0px||false|false|false\" custom_padding=\"0px||0px|||false|false|false\" global_colors_info=\"{}\"]]<\/p>\n<h1>Legal Services<\/h1>\n<p>[\/et_pb_text][\/et_pb_column][\/et_pb_row][et_pb_row _builder_version=\"4.22.1\u2033 _module_preset=\"default\" background_color=\"rgba(0,0,0,0,0.3)\" max_width=\"1400px\" custom_padding=\"25px|25px|25px|25px|25px|true|true\" border_radii=\"on|5px|5px|5px|5px|5px|5px\" global_colors_info=\"{}\"][et_pbb_column type=\"4_4\u2033 _builder_version=\"4.22.1\u2033 _module_preset=\"default\" global_colors_info=\"{}\"][et_pb_blurb title=\"No Te La Juegues, Asesoramiento Jur\u00eddico Especializado\" icon_placement=\"left\" image_icon_width=\"48px\" content_max_width=\"100%\" _builder_version=\"4.22.1\u2033 _module_preset=\"default\" header_level=\"h3\u2033 header_font=\"Poppins|700|||||||\" header_text_color=\"#FFFFFFFFFF\" header_font_size=\"20px\" header_line_height=\"1.7em\" body_font=\"Montserrat|300|||||||\" body_text_color=\"#FFFFFFFFFF\" body_font_size=\"20px\" body_line_height=\"1.8em\" image_icon_custom_custom_margin=\"10px||||false|false\" global_colors_info=\"{}\"]]<\/p>\n<p><span>At MINCEB ASESORES S.L., we understand that the legal field can be complicated and overwhelming. Therefore, we provide access to experts in different areas of law to solve all your doubts and needs, both personal and business.<\/span><\/p>\n<p>[\/et_pb_blurb][\/et_pb_column][\/et_pb_row][\/et_pb_section][et_pb_section fb_built=\"1\u2033 _builder_version=\"4.22.1\u2033 _module_preset=\"default\" locked=\"off\" global_colors_info=\"{}\"][et_pb_row _builder_version=\"4.22.1\u2033 _module_preset=\"default\" global_colors_info=\"{}\"][et_pb_column type=\"4_4\u2033 _builder_version=\"4.22.1\u2033 _module_preset=\"default\" global_colors_info=\"{}\"][et_pb_text _builder_version=\"4.22.1\u2033 _module_preset=\"default\" text_font=\"Poppins|700|||on|||||\" text_text_color=\"#000000\u2033 text_font_size=\"24px\" text_orientation=\"center\" global_colors_info=\"{}\"]<\/p>\n<p>Customer benefits<\/p>\n<p>[\/et_pb_text][\/et_pb_column][\/et_pb_row][et_pb_row _builder_version=\"4.22.1\u2033 _module_preset=\"default\" max_width=\"1400px\" custom_padding=\"47px|||||\" global_colors_info=\"{}\"][et_pb_column type=\"4_4\u2033 _builder_version=\"4.22.1\u2033 _module_preset=\"default\" global_colors_info=\"{}\"][et_pb_blurb title=\"Inclusive Legal Services\" use_icon=\"on\" font_icon=\"\uf00c||fa|||900\u2033 icon_color=\"#f07c00\u2033 icon_placement=\"left\" image_icon_width=\"48px\" content_max_width=\"100%\" _builder_version=\"4.22.1\u2033 _module_preset=\"default\" header_level=\"h3\u2033 header_font=\"Poppins|700||on|||||\" header_text_align=\"left\" header_text_color=\"#000000\u2033 header_font_size=\"18px\" header_line_height=\"1.7em\" body_text_color=\"#000000\u2033 body_font_size=\"16px\" background_color=\"#f7f7f7f7f7\u2033 image_icon_custom_padding=\"|25px||25px|false|true\" custom_padding=\"15px|15px|15px|15px|15px|true|true|true\" global_colors_info=\"{}\"]]<\/p>\n<p><span>Thanks to our structure, our clients have access to professional legal services in our facilities, even if these consultations are not related to the management assigned to our law firm.<\/span><\/p>\n<p>[\/et_pb_blurb][et_pb_blurb title=\"Personalized Attention\" use_icon=\"on\" font_icon=\"\uf00c||fa|||900\u2033 icon_color=\"#f07c00\u2033 icon_placement=\"left\" image_icon_width=\"48px\" content_max_width=\"100%\" _builder_version=\"4.22.1\u2033 _module_preset=\"default\" header_level=\"h3\u2033 header_font=\"Poppins|700||on|||||\" header_text_align=\"left\" header_text_color=\"#000000\u2033 header_font_size=\"18px\" header_line_height=\"1.7em\" body_text_color=\"#000000\u2033 body_font_size=\"16px\" background_color=\"#f7f7f7f7f7\u2033 image_icon_custom_padding=\"|25px||25px|false|true\" custom_padding=\"15px|15px|15px|15px|15px|true|true|true\" global_colors_info=\"{}\"]]<\/p>\n<p><span>All cases are handled on an individual basis, providing solutions tailored to the specific needs of each client.<\/span><\/p>\n<p>[\/et_pb_blurb][et_pb_blurb title=\"Exclusive Benefits for Our Customers\" use_icon=\"on\" font_icon=\"\uf00c||fa|||900\u2033 icon_color=\"#f07c00\u2033 icon_placement=\"left\" image_icon_width=\"48px\" content_max_width=\"100%\" _builder_version=\"4.22.1\u2033 _module_preset=\"default\" header_level=\"h3\u2033 header_font=\"Poppins|700||on|||||\" header_text_align=\"left\" header_text_color=\"#000000\u2033 header_font_size=\"18px\" header_line_height=\"1.7em\" body_text_color=\"#000000\u2033 body_font_size=\"16px\" background_color=\"#f7f7f7f7f7\u2033 image_icon_custom_padding=\"|25px||25px|false|true\" custom_padding=\"15px|15px|15px|15px|15px|true|true|true\" global_colors_info=\"{}\"]]<\/p>\n<p><span>Being a client of MINCEB ASESORES S.L. has its advantages. Through a Collaboration Agreement, we offer significant discounts on professional fees, with no additional costs for consultations.<\/span><\/p>\n<p>[\/et_pb_blurb][et_pb_text _builder_version=\"4.22.1\u2033 _module_preset=\"default\" text_font=\"Poppins|700||on|||||\" text_text_color=\"#000000\u2033 text_font_size=\"24px\" text_orientation=\"center\" global_colors_info=\"{}\"]<\/p>\n<p>Areas of specialization<\/p>\n<p>[\/et_pb_text][\/et_pb_column][\/et_pb_row][et_pb_row column_structure=\"2_5,3_5\u2033 make_equal=\"on\" _builder_version=\"4.22.1\u2033 _module_preset=\"default\" max_width=\"1400px\" global_colors_info=\"{}\"][et_pb_column type=\"2_5\u2033 _builder_version=\"4.22.1\u2033 _module_preset=\"default\" background_image=\"https:\/\/mc-asesores.es\/wp-content\/uploads\/corte-martillo-libros-juicio-concepto-ley-Grande.jpg\" global_colors_info=\"{}\"][\/et_pb_column][\/et_pb_column][et_pb_column type=\"3_5\u2033 _builder_version=\"4.22.1\u2033 _module_preset=\"default\" global_colors_info=\"{}\"][et_pb_blurb title=\"Civil Law\" alt=\"worker-uniform-helmet-protective-goggles\" icon_placement=\"left\" image_icon_width=\"90px\" content_max_width=\"100%\" _builder_version=\"4.22.1\u2033 _module_preset=\"default\" header_level=\"h3\u2033 header_font=\"Poppins|700|||||||\" header_text_align=\"left\" header_text_color=\"#000000\u2033 header_font_size=\"18px\" header_line_height=\"1.7em\" body_text_color=\"#000000\u2033 body_font_size=\"16px\" custom_margin=\"|||15px||false|false|false\" custom_padding=\"8px|15px|8px|15px|true|true\" border_width_left=\"5px\" border_color_left=\"#f07c00\u2033 global_colors_info=\"{}\"\" background_color=\"#f7f7f7f7\u2033]<\/p>\n<p><span>We handle matters related to contracts, inheritance, property and more.<\/span><\/p>\n<p>[\/et_pb_blurb][et_pb_blurb title=\"Criminal Law\" alt=\"worker-uniform-helmet-protective-goggles\" icon_placement=\"left\" image_icon_width=\"90px\" content_max_width=\"100%\" _builder_version=\"4.22.1\u2033 _module_preset=\"default\" header_level=\"h3\u2033 header_font=\"Poppins|700|||||||\" header_text_align=\"left\" header_text_color=\"#000000\u2033 header_font_size=\"18px\" header_line_height=\"1.7em\" body_text_color=\"#000000\u2033 body_font_size=\"16px\" custom_margin=\"|||15px||false|false|false\" custom_padding=\"8px|15px|8px|15px|true|true\" border_width_left=\"5px\" border_color_left=\"#f07c00\u2033 global_colors_info=\"{}\"\" background_color=\"#f7f7f7f7\u2033]<\/p>\n<p><span>We represent and advise in cases involving crimes and misdemeanors.<\/span><\/p>\n<p>[\/et_pb_blurb][et_pb_blurb title=\"Insurance and Liability Law\" alt=\"worker-uniform-helmet-protective-goggles\" icon_placement=\"left\" image_icon_width=\"90px\" content_max_width=\"100%\" _builder_version=\"4.22.1\u2033 _module_preset=\"default\" header_level=\"h3\u2033 header_font=\"Poppins|700|||||||\" header_text_align=\"left\" header_text_color=\"#000000\u2033 header_font_size=\"18px\" header_line_height=\"1.7em\" body_text_color=\"#000000\u2033 body_font_size=\"16px\" custom_margin=\"|||15px||false|false|false\" custom_padding=\"8px|15px|8px|15px|true|true\" border_width_left=\"5px\" border_color_left=\"#f07c00\u2033 global_colors_info=\"{}\"\" background_color=\"#f7f7f7f7\u2033]<\/p>\n<p><span>Experts in claims, losses and insurance contracts.<\/span><\/p>\n<p>[\/et_pb_blurb][et_pb_blurb title=\"Labor Law and Social Security\" alt=\"worker-uniform-helmet-protective-goggles\" icon_placement=\"left\" image_icon_width=\"90px\" content_max_width=\"100%\" _builder_version=\"4.22.1\u2033 _module_preset=\"default\" header_level=\"h3\u2033 header_font=\"Poppins|700|||||||\" header_text_align=\"left\" header_text_color=\"#000000\u2033 header_font_size=\"18px\" header_line_height=\"1.7em\" body_text_color=\"#000000\u2033 body_font_size=\"16px\" custom_margin=\"|||15px||false|false|false\" custom_padding=\"8px|15px|8px|15px|true|true\" border_width_left=\"5px\" border_color_left=\"#f07c00\u2033 global_colors_info=\"{}\"\" background_color=\"#f7f7f7f7\u2033]<\/p>\n<p><span>Defense and advice on labor and social security matters.<\/span><\/p>\n<p>[\/et_pb_blurb][et_pb_blurb title=\"Business Law\" alt=\"worker-uniform-helmet-protective-goggles\" icon_placement=\"left\" image_icon_width=\"90px\" content_max_width=\"100%\" _builder_version=\"4.22.1\u2033 _module_preset=\"default\" header_level=\"h3\u2033 header_font=\"Poppins|700|||||||\" header_text_align=\"left\" header_text_color=\"#000000\u2033 header_font_size=\"18px\" header_line_height=\"1.7em\" body_text_color=\"#000000\u2033 body_font_size=\"16px\" custom_margin=\"|||15px||false|false|false\" custom_padding=\"8px|15px|8px|15px|true|true\" border_width_left=\"5px\" border_color_left=\"#f07c00\u2033 global_colors_info=\"{}\"\" background_color=\"#f7f7f7f7\u2033]<\/p>\n<p><span>Specialists in commerce, companies, commercial contracts and more.<\/span><\/p>\n<p>[\/et_pb_blurb][et_pb_blurb title=\"Administrative Law\" alt=\"worker-uniform-helmet-protective-goggles\" icon_placement=\"left\" image_icon_width=\"90px\" content_max_width=\"100%\" _builder_version=\"4.22.1\u2033 _module_preset=\"default\" header_level=\"h3\u2033 header_font=\"Poppins|700|||||||\" header_text_align=\"left\" header_text_color=\"#000000\u2033 header_font_size=\"18px\" header_line_height=\"1.7em\" body_text_color=\"#000000\u2033 body_font_size=\"16px\" custom_margin=\"|||15px||false|false|false\" custom_padding=\"8px|15px|8px|15px|true|true\" border_width_left=\"5px\" border_color_left=\"#f07c00\u2033 global_colors_info=\"{}\"\" background_color=\"#f7f7f7f7\u2033]<\/p>\n<p><span>We manage procedures and conflicts with public administrations.<\/span><\/p>\n<p>[\/et_pb_blurb][\/et_pb_column][\/et_pb_row][et_pb_row _builder_version=\"4.22.1\u2033 _module_preset=\"default\" background_color=\"#efe0cb\" max_width=\"1400px\" custom_margin=\"20px||||false|false\" custom_padding=\"25px|25px|25px|25px|25px|true|true\" locked=\"off\" global_colors_info=\"{}\"]][et_pb_column type=\"4_4\u2033 _builder_version=\"4.22.1\u2033 _module_preset=\"default\" global_colors_info=\"{}\"][et_pb_icon font_icon font_icon=\"{||divi||400\u2033 icon_color=\"#f07c00\u2033 _builder_version=\"4.22.1\u2033 _module_preset=\"default\" custom_margin=\"-79px|||0px||false|false|false\" custom_padding=\"|||0px||false|false|false\" global_colors_info=\"{}\"][\/et_pbb_icon][\/et_pb_icon][et_pb_text _builder_version=\"4.22.1\u2033 _module_preset=\"default\" text_font=\"Montserrat||||||||\" text_text_color=\"#000000\u2033 text_font_size=\"18px\" text_line_height=\"1.8em\" header_2_font=\"Poppins|500|||||||\" header_2_text_color=\"#FFFFFFFFFF\" header_2_font_size=\"18px\" header_2_line_height=\"1.7em\" text_orientation=\"center\" global_colors_info=\"{}\"]<\/p>\n<p><span><strong>Rely on Minceb Asesores S.L.<\/strong> For consultations and trusted legal representation.<\/span><\/p>\n<p>[\/et_pb_text][\/et_pb_column][\/et_pb_row][\/et_pb_section]<\/p>","protected":false},"excerpt":{"rendered":"<p>Legal ServicesAt MINCEB ASESORES S.L., we understand that the legal field can be complicated and overwhelming. Therefore, we provide access to experts in different areas of law to solve all your doubts and needs, both personal and business.Advantages for being a clientThanks to our structure, our clients can access professional legal services in our facilities, [...]<\/p>","protected":false},"author":2,"featured_media":0,"parent":0,"menu_order":7,"comment_status":"closed","ping_status":"closed","template":"","meta":{"_et_pb_use_builder":"on","_et_pb_old_content":"","_et_gb_content_width":"","footnotes":""},"class_list":["post-19","page","type-page","status-publish","hentry"],"yoast_head":"<!-- This site is optimized with the Yoast SEO Premium plugin v20.5 (Yoast SEO v27.3) - https:\/\/yoast.com\/product\/yoast-seo-premium-wordpress\/ -->\n<title>Asesoramiento Jur\u00eddico | MINCEB ASESORES S.L.: Defensa y Consejo en Todos los \u00c1mbitos del Derecho<\/title>\n<meta name=\"description\" content=\"Ofrecemos servicios jur\u00eddicos especializados en diversas \u00e1reas del derecho, garantizando representaci\u00f3n y asesoramiento de calidad.\" \/>\n<meta name=\"robots\" content=\"index, follow, max-snippet:-1, max-image-preview:large, max-video-preview:-1\" \/>\n<link rel=\"canonical\" href=\"https:\/\/mc-asesores.es\/en\/legal\/\" \/>\n<meta property=\"og:locale\" content=\"en_US\" \/>\n<meta property=\"og:type\" content=\"article\" \/>\n<meta property=\"og:title\" content=\"Juridico\" \/>\n<meta property=\"og:description\" content=\"Ofrecemos servicios jur\u00eddicos especializados en diversas \u00e1reas del derecho, garantizando representaci\u00f3n y asesoramiento de calidad.\" \/>\n<meta property=\"og:url\" content=\"https:\/\/mc-asesores.es\/en\/legal\/\" \/>\n<meta property=\"og:site_name\" content=\"Minceb Asesores\" \/>\n<meta property=\"article:modified_time\" content=\"2023-09-14T14:11:22+00:00\" \/>\n<meta name=\"twitter:card\" content=\"summary_large_image\" \/>\n<meta name=\"twitter:label1\" content=\"Est. reading time\" \/>\n\t<meta name=\"twitter:data1\" content=\"8 minutes\" \/>\n<script type=\"application\/ld+json\" class=\"yoast-schema-graph\">{\"@context\":\"https:\\\/\\\/schema.org\",\"@graph\":[{\"@type\":\"WebPage\",\"@id\":\"https:\\\/\\\/mc-asesores.es\\\/juridico\\\/\",\"url\":\"https:\\\/\\\/mc-asesores.es\\\/juridico\\\/\",\"name\":\"Asesoramiento Jur\u00eddico | MINCEB ASESORES S.L.: Defensa y Consejo en Todos los \u00c1mbitos del Derecho\",\"isPartOf\":{\"@id\":\"https:\\\/\\\/mc-asesores.es\\\/#website\"},\"datePublished\":\"2023-09-11T21:58:02+00:00\",\"dateModified\":\"2023-09-14T14:11:22+00:00\",\"description\":\"Ofrecemos servicios jur\u00eddicos especializados en diversas \u00e1reas del derecho, garantizando representaci\u00f3n y asesoramiento de calidad.\",\"breadcrumb\":{\"@id\":\"https:\\\/\\\/mc-asesores.es\\\/juridico\\\/#breadcrumb\"},\"inLanguage\":\"en-US\",\"potentialAction\":[{\"@type\":\"ReadAction\",\"target\":[\"https:\\\/\\\/mc-asesores.es\\\/juridico\\\/\"]}]},{\"@type\":\"BreadcrumbList\",\"@id\":\"https:\\\/\\\/mc-asesores.es\\\/juridico\\\/#breadcrumb\",\"itemListElement\":[{\"@type\":\"ListItem\",\"position\":1,\"name\":\"Home\",\"item\":\"https:\\\/\\\/mc-asesores.es\\\/\"},{\"@type\":\"ListItem\",\"position\":2,\"name\":\"Juridico\"}]},{\"@type\":\"WebSite\",\"@id\":\"https:\\\/\\\/mc-asesores.es\\\/#website\",\"url\":\"https:\\\/\\\/mc-asesores.es\\\/\",\"name\":\"Minceb Asesores\",\"description\":\"\",\"publisher\":{\"@id\":\"https:\\\/\\\/mc-asesores.es\\\/#organization\"},\"potentialAction\":[{\"@type\":\"SearchAction\",\"target\":{\"@type\":\"EntryPoint\",\"urlTemplate\":\"https:\\\/\\\/mc-asesores.es\\\/?s={search_term_string}\"},\"query-input\":{\"@type\":\"PropertyValueSpecification\",\"valueRequired\":true,\"valueName\":\"search_term_string\"}}],\"inLanguage\":\"en-US\"},{\"@type\":\"Organization\",\"@id\":\"https:\\\/\\\/mc-asesores.es\\\/#organization\",\"name\":\"Minceb Asesores S.L.\",\"url\":\"https:\\\/\\\/mc-asesores.es\\\/\",\"logo\":{\"@type\":\"ImageObject\",\"inLanguage\":\"en-US\",\"@id\":\"https:\\\/\\\/mc-asesores.es\\\/#\\\/schema\\\/logo\\\/image\\\/\",\"url\":\"https:\\\/\\\/mc-asesores.es\\\/wp-content\\\/uploads\\\/logo-minceb.png\",\"contentUrl\":\"https:\\\/\\\/mc-asesores.es\\\/wp-content\\\/uploads\\\/logo-minceb.png\",\"width\":399,\"height\":380,\"caption\":\"Minceb Asesores S.L.\"},\"image\":{\"@id\":\"https:\\\/\\\/mc-asesores.es\\\/#\\\/schema\\\/logo\\\/image\\\/\"}}]}<\/script>\n<!-- \/ Yoast SEO Premium plugin. -->","yoast_head_json":{"title":"Asesoramiento Jur\u00eddico | MINCEB ASESORES S.L.: Defensa y Consejo en Todos los \u00c1mbitos del Derecho","description":"Ofrecemos servicios jur\u00eddicos especializados en diversas \u00e1reas del derecho, garantizando representaci\u00f3n y asesoramiento de calidad.","robots":{"index":"index","follow":"follow","max-snippet":"max-snippet:-1","max-image-preview":"max-image-preview:large","max-video-preview":"max-video-preview:-1"},"canonical":"https:\/\/mc-asesores.es\/en\/legal\/","og_locale":"en_US","og_type":"article","og_title":"Juridico","og_description":"Ofrecemos servicios jur\u00eddicos especializados en diversas \u00e1reas del derecho, garantizando representaci\u00f3n y asesoramiento de calidad.","og_url":"https:\/\/mc-asesores.es\/en\/legal\/","og_site_name":"Minceb Asesores","article_modified_time":"2023-09-14T14:11:22+00:00","twitter_card":"summary_large_image","twitter_misc":{"Est. reading time":"8 minutes"},"schema":{"@context":"https:\/\/schema.org","@graph":[{"@type":"WebPage","@id":"https:\/\/mc-asesores.es\/juridico\/","url":"https:\/\/mc-asesores.es\/juridico\/","name":"Asesoramiento Jur\u00eddico | MINCEB ASESORES S.L.: Defensa y Consejo en Todos los \u00c1mbitos del Derecho","isPartOf":{"@id":"https:\/\/mc-asesores.es\/#website"},"datePublished":"2023-09-11T21:58:02+00:00","dateModified":"2023-09-14T14:11:22+00:00","description":"Ofrecemos servicios jur\u00eddicos especializados en diversas \u00e1reas del derecho, garantizando representaci\u00f3n y asesoramiento de calidad.","breadcrumb":{"@id":"https:\/\/mc-asesores.es\/juridico\/#breadcrumb"},"inLanguage":"en-US","potentialAction":[{"@type":"ReadAction","target":["https:\/\/mc-asesores.es\/juridico\/"]}]},{"@type":"BreadcrumbList","@id":"https:\/\/mc-asesores.es\/juridico\/#breadcrumb","itemListElement":[{"@type":"ListItem","position":1,"name":"Home","item":"https:\/\/mc-asesores.es\/"},{"@type":"ListItem","position":2,"name":"Juridico"}]},{"@type":"WebSite","@id":"https:\/\/mc-asesores.es\/#website","url":"https:\/\/mc-asesores.es\/","name":"Minceb Asesores","description":"","publisher":{"@id":"https:\/\/mc-asesores.es\/#organization"},"potentialAction":[{"@type":"SearchAction","target":{"@type":"EntryPoint","urlTemplate":"https:\/\/mc-asesores.es\/?s={search_term_string}"},"query-input":{"@type":"PropertyValueSpecification","valueRequired":true,"valueName":"search_term_string"}}],"inLanguage":"en-US"},{"@type":"Organization","@id":"https:\/\/mc-asesores.es\/#organization","name":"Minceb Asesores S.L.","url":"https:\/\/mc-asesores.es\/","logo":{"@type":"ImageObject","inLanguage":"en-US","@id":"https:\/\/mc-asesores.es\/#\/schema\/logo\/image\/","url":"https:\/\/mc-asesores.es\/wp-content\/uploads\/logo-minceb.png","contentUrl":"https:\/\/mc-asesores.es\/wp-content\/uploads\/logo-minceb.png","width":399,"height":380,"caption":"Minceb Asesores S.L."},"image":{"@id":"https:\/\/mc-asesores.es\/#\/schema\/logo\/image\/"}}]}},"_links":{"self":[{"href":"https:\/\/mc-asesores.es\/en\/wp-json\/wp\/v2\/pages\/19","targetHints":{"allow":["GET"]}}],"collection":[{"href":"https:\/\/mc-asesores.es\/en\/wp-json\/wp\/v2\/pages"}],"about":[{"href":"https:\/\/mc-asesores.es\/en\/wp-json\/wp\/v2\/types\/page"}],"author":[{"embeddable":true,"href":"https:\/\/mc-asesores.es\/en\/wp-json\/wp\/v2\/users\/2"}],"replies":[{"embeddable":true,"href":"https:\/\/mc-asesores.es\/en\/wp-json\/wp\/v2\/comments?post=19"}],"version-history":[{"count":4,"href":"https:\/\/mc-asesores.es\/en\/wp-json\/wp\/v2\/pages\/19\/revisions"}],"predecessor-version":[{"id":196,"href":"https:\/\/mc-asesores.es\/en\/wp-json\/wp\/v2\/pages\/19\/revisions\/196"}],"wp:attachment":[{"href":"https:\/\/mc-asesores.es\/en\/wp-json\/wp\/v2\/media?parent=19"}],"curies":[{"name":"wp","href":"https:\/\/api.w.org\/{rel}","templated":true}]}}