{"id":25,"date":"2023-09-11T23:58:02","date_gmt":"2023-09-11T21:58:02","guid":{"rendered":"https:\/\/wp.mc-asesores.es\/servicios\/"},"modified":"2024-09-17T18:03:21","modified_gmt":"2024-09-17T16:03:21","slug":"servicios","status":"publish","type":"page","link":"https:\/\/mc-asesores.es\/en\/services\/","title":{"rendered":"Services"},"content":{"rendered":"<p>[et_pb_section fb_built=\"1\u2033 _builder_version=\"4.22.1\u2033 _module_preset=\"default\" use_background_color_gradient=\"on\" background_color_gradient_stops=\"rgba(0,0,0,0,0.5) 0%|rgba(0,0,0,0,0.3) 100%\" background_color_gradient_overlays_image=\"on\" background_image=\"https:\/\/mc-asesores.en\/wp-content\/uploads\/project-explaining-team-women-discuss-financial-large.jpg\" custom_padding=\"100px||100px||true|false\" locked=\"off\" global_colors_info=\"{}\"][et_pb_row _builder_version=\"4.22.1\u2033 _module_preset=\"default\" max_width=\"1400px\" global_colors_info=\"{}\"][et_pb_column type=\"4_4\u2033 _builder_version=\"4.22.1\u2033 _module_preset=\"default\" global_colors_info=\"{}\"][et_pb_text _builder_version=\"4.22.1\u2033 _module_preset=\"default\" header_font=\"Montserrat|700|||||||\" header_text_align=\"left\" header_text_color=\"#FFFFFFFFFF\" header_line_height=\"1.7em\" custom_margin=\"0px||0px||false|false|false\" custom_padding=\"0px||0px|||false|false|false\" global_colors_info=\"{}\"]]<\/p>\n<h1>Our services<\/h1>\n<p>[\/et_pb_text][\/et_pb_column][\/et_pb_row][et_pb_row _builder_version=\"4.22.1\u2033 _module_preset=\"default\" background_color=\"rgba(0,0,0,0,0.3)\" max_width=\"1400px\" custom_padding=\"25px|25px|25px|25px|25px|true|true\" border_radii=\"on|5px|5px|5px|5px|5px|5px\" global_colors_info=\"{}\"][et_pbb_column type=\"4_4\u2033 _builder_version=\"4.22.1\u2033 _module_preset=\"default\" global_colors_info=\"{}\"][et_pb_blurb icon_placement=\"left\" image_icon_width=\"48px\" content_max_width=\"100%\" _builder_version=\"4.22.1\u2033 _module_preset=\"default\" header_level=\"h3\u2033 header_font=\"Poppins|700|||||||\" header_text_color=\"#FFFFFFFFFF\" header_font_size=\"20px\" header_line_height=\"1.7em\" body_font=\"Montserrat|300|||||||\" body_text_color=\"#FFFFFFFFFF\" body_font_size=\"20px\" body_line_height=\"1.8em\" image_icon_custom_custom_margin=\"10px||||false|false\" global_colors_info=\"{}\"]]<\/p>\n<p><span>The management of a business encompasses multiple facets. At MINCEB ASESORES, we offer comprehensive services in various areas, ensuring the best strategy and regulatory compliance.<\/span><\/p>\n<p>[\/et_pb_blurb][\/et_pb_column][\/et_pb_row][\/et_pb_section][et_pb_section fb_built=\"1\u2033 _builder_version=\"4.22.1\u2033 _module_preset=\"default\" locked=\"off\" global_colors_info=\"{}\"][et_pb_row _builder_version=\"4.22.1\u2033 _module_preset=\"default\" global_colors_info=\"{}\"][et_pb_column type=\"4_4\u2033 _builder_version=\"4.22.1\u2033 _module_preset=\"default\" global_colors_info=\"{}\"][et_pb_text _builder_version=\"4.22.1\u2033 _module_preset=\"default\" text_font=\"Poppins|700||on|||||\" text_text_color=\"#000000\u2033 text_font_size=\"24px\" text_orientation=\"center\" hover_enabled=\"0\u2033 global_colors_info=\"{}\" sticky_enabled=\"0\u2033]]<\/p>\n<h2>Quality professional services<\/h2p>[\/et_pb_text][\/et_pb_column][\/et_pb_row][et_pb_row column_structure=\u00bb1_3,1_3,1_3\u2033 make_equal=\u00bbon\u00bb _builder_version=\u00bb4.22.1\u2033 _module_preset=\"default\" max_width=\"1400px\" global_colors_info=\"{}\"][et_pb_column type=\"1_3\u2033 _builder_version=\"4.22.1\u2033 _module_preset=\"default\" background_color=\"#f7f7f7f7\u2033 global_colors_info=\"{}\"][et_pb_blurb title=\"FISCAL ADVICE\" image=\"https:\/\/mc-asesores.es\/wp-content\/uploads\/fiscal-1.png\" alt=\"Fiscal\" image_icon_width=\"48px\" content_max_width=\"100%\" _builder_version=\"4.22.1\u2033 _dynamic_attributes=\"link_option_url\" _module_preset=\"default\" header_level=\"h3\u2033 header_font=\"Poppins|700|||||||\" header_text_align=\"center\" header_text_color=\"#000000\u2033 header_font_size=\"16px\" header_line_height=\"1.7em\" body_text_color=\"#000000\u2033 background_enable_color=\"off\" image_icon_custom_custom_margin=\"10px||||false|false\" custom_padding=\"15px|15px|15px|15px|15px|true|true|true\" link_option_url=\"@ET-DC@eyJkeW5hbWljIjp0cnVlLCJjb250ZW50IjoicG9zdF9saW5rX3VybF9wYWdlIiwic2V0dGluZ3MiOnsicG9zdF9pZCI6IjE2In19@\" global_colors_info=\"{}\"]<\/p>\n<p><span>Tax optimization and regulatory compliance. We ensure that your company benefits from proper tax planning, tax filing and management of possible inspections.<\/span><\/p>\n<p>[\/et_pb_blurb][\/et_pb_column][et_pb_column type=\"1_3\u2033 _builder_version=\"4.22.1\u2033 _module_preset=\"default\" background_color=\"#f7f7f7f7f7\u2033 global_colors_info=\"{}\"][et_pb_blurb title=\"LABOR ADVICE\" image=\"https:\/\/mc-asesores.es\/wp-content\/uploads\/trabajador.png\" alt=\"Laboral\" image_icon_width=\"48px\" content_max_width=\"100%\" _builder_version=\"4.22.1\u2033 _module_preset=\"default\" header_level=\"h3\u2033 header_font=\"Poppins|700|||||||\" header_text_align=\"center\" header_text_color=\"#000000\u2033 header_font_size=\"16px\" header_line_height=\"1.7em\" body_text_color=\"#000000\u2033 background_enable_color=\"off\" image_icon_custom_custom_margin=\"10px||||false|false\" custom_padding=\"15px|15px|15px|15px|15px|true|true\" global_colors_info=\"{}\"]<\/p>\n<p><span>Support in the management of human resources and labor obligations, from hiring to the end of the contract, we manage every detail of labor relations, advice on collective bargaining agreements, payroll, and social security.<\/span><\/p>\n<p>[\/et_pb_blurb][\/et_pb_column][et_pb_column type=\"1_3\u2033 _builder_version=\"4.22.1\u2033 _module_preset=\"default\" background_color=\"#f7f7f7f7f7\u2033 global_colors_info=\"{}\"][et_pb_blurb title=\"ACCOUNTING CONSULTING\" image=\"https:\/\/mc-asesores.en\/wp-content\/uploads\/budget.png\" alt=\"Accounting\" image_icon_width=\"48px\" content_max_width=\"100%\" _builder_version=\"4.22.1\u2033 _module_preset=\"default\" header_level=\"h3\u2033 header_font=\"Poppins|700|||||||\" header_text_align=\"center\" header_text_color=\"#000000\u2033 header_font_size=\"16px\" header_line_height=\"1.7em\" body_text_color=\"#000000\u2033 background_enable_color=\"off\" image_icon_custom_custom_margin=\"10px||||false|false\" custom_padding=\"15px|15px|15px|15px|15px|true|true\" global_colors_info=\"{}\"]<\/p>\n<p><span>Clarity and accuracy in every transaction We offer meticulous accounting management, from general accounting to the presentation of financial statements, always guaranteeing transparency and reliability.<\/span><\/p>\n<p>[\/et_pb_blurb][\/et_pb_column][\/et_pb_row][et_pb_row column_structure=\"1_3,1_3,1_3\u2033 make_equal=\"on\" _builder_version=\"4.22.1\u2033 _module_preset=\"default\" max_width=\"1400px\" global_colors_info=\"{}\"][et_pb_column type=\"1_3\u2033 _builder_version=\"4.22.1\u2033 _module_preset=\"default\" background_color=\"#f7f7f7f7f7\u2033 global_colors_info=\"{}\"][et_pb_blurb title=\"LEGAL ADVICE\" image=\"https:\/\/mc-asesores.es\/wp-content\/uploads\/obediente.png\" alt=\"Juridico\" image_icon_width=\"48px\" content_max_width=\"100%\" _builder_version=\"4.22.1\u2033 _module_preset=\"default\" header_level=\"h3\u2033 header_font=\"Poppins|700|||||||\" header_text_align=\"center\" header_text_color=\"#000000\u2033 header_font_size=\"16px\" header_line_height=\"1.7em\" body_text_color=\"#000000\u2033 background_enable_color=\"off\" image_icon_custom_custom_margin=\"10px||||false|false\" custom_padding=\"15px|15px|15px|15px|15px|true|true\" global_colors_info=\"{}\"]<\/p>\n<p><span>Protect your interests with our legal support. Our legal team is ready to offer you assistance in litigation, contracts, and other legal aspects related to your activity.<\/span><\/p>\n<p>[\/et_pb_blurb][\/et_pb_column][et_pb_column type=\"1_3\u2033 _builder_version=\"4.22.1\u2033 _module_preset=\"default\" background_color=\"#f7f7f7f7f7\u2033 global_colors_info=\"{}\"][et_pb_blurb title=\"INSURANCE AREA\" image=\"https:\/\/mc-asesores.en\/wp-content\/uploads\/proteger.png\" alt=\"Fiscal\" image_icon_width=\"48px\" content_max_width=\"100%\" _builder_version=\"4.22.1\u2033 _module_preset=\"default\" header_level=\"h3\u2033 header_font=\"Poppins|700|||||||\" header_text_align=\"center\" header_text_color=\"#000000\u2033 header_font_size=\"16px\" header_line_height=\"1.7em\" body_text_color=\"#000000\u2033 background_enable_color=\"off\" image_icon_custom_custom_margin=\"10px||||false|false\" custom_padding=\"15px|15px|15px|15px|15px|true|true\" global_colors_info=\"{}\"]<\/p>\n<p><span>Security and peace of mind for your business and assets. We partner with the best insurance companies to provide you with coverage tailored to your needs, whether for business assets, liability or employee health insurance.<\/span><\/p>\n<p>[\/et_pb_blurb][\/et_pb_column][et_pb_column type=\"1_3\u2033 _builder_version=\"4.22.1\u2033 _module_preset=\"default\" background_color=\"#f7f7f7f7f7\u2033 global_colors_info=\"{}\"][et_pb_blurb title=\"EXPERIENCE\" image=\"https:\/\/mc-asesores.en\/wp-content\/uploads\/experience.png\" alt=\"experience\" image_icon_width=\"48px\" content_max_width=\"100%\" _builder_version=\"4.22.1\u2033 _module_preset=\"default\" header_level=\"h3\u2033 header_font=\"Poppins|700|||||||\" header_text_align=\"center\" header_text_color=\"#000000\u2033 header_font_size=\"16px\" header_line_height=\"1.7em\" body_text_color=\"#000000\u2033 background_enable_color=\"off\" image_icon_custom_custom_margin=\"10px||||false|false\" custom_padding=\"15px|15px|15px|15px|15px|true|true\" global_colors_info=\"{}\"]<span>We carry <span id=\"yearsExperience1\">many<\/span> years at your service. Find the best experts to help you with whatever your case may be.<\/span>[\/et_pb_blurb][et_pb_code _builder_version=\"4.22.1\u2033 _module_preset=\"default\" global_module=\"276\u2033 global_colors_info=\"{}\"]<script><!-- [et_pb_line_break_holder] -->\u00a0\u00a0 function calculateYears() {<!-- [et_pb_line_break_holder] -->\u00a0 \u00a0 \u00a0 const currentYear = new Date().getFullYear();<!-- [et_pb_line_break_holder] --><!-- [et_pb_line_break_holder] -->\u00a0 \u00a0 \u00a0 \/\/ C\u00e1lculo desde 1993<!-- [et_pb_line_break_holder] -->\u00a0 \u00a0 \u00a0 const startYear1 = 1993;<!-- [et_pb_line_break_holder] -->\u00a0 \u00a0 \u00a0 const years1 = currentYear - startYear1;<!-- [et_pb_line_break_holder] -->\u00a0 \u00a0 \u00a0 document.getElementById(\"yearsExperience1\").textContent = years1;<!-- [et_pb_line_break_holder] --><!-- [et_pb_line_break_holder] -->\u00a0 \u00a0 \u00a0 \/\/ C\u00e1lculo desde 1993<!-- [et_pb_line_break_holder] -->\u00a0 \u00a0 \u00a0 const startYear2 = 1993;<!-- [et_pb_line_break_holder] -->\u00a0 \u00a0 \u00a0 const years2 = currentYear - startYear2;<!-- [et_pb_line_break_holder] -->\u00a0 \u00a0 \u00a0 document.getElementById(\"yearsExperience2\").textContent = years2;<!-- [et_pb_line_break_holder] -->\u00a0\u00a0 }<!-- [et_pb_line_break_holder] --><!-- [et_pb_line_break_holder] -->\u00a0\u00a0 \/\/ Asegur\u00e9monos de que la funci\u00f3n se ejecute despu\u00e9s de que la p\u00e1gina haya cargado completamente.<!-- [et_pb_line_break_holder] -->\u00a0\u00a0 window.onload = calculateYears;<!-- [et_pb_line_break_holder] --><\/script>[\/et_pb_code][\/et_pb_column][\/et_pb_row][et_pb_row _builder_version=\u00bb4.22.1\u2033 _module_preset=\"default\" background_color=\"#efe0cb\" max_width=\"1400px\" custom_margin=\"20px||||false|false\" custom_padding=\"25px|25px|25px|25px|25px|true|true\" locked=\"off\" global_colors_info=\"{}\"]][et_pb_column type=\"4_4\u2033 _builder_version=\"4.22.1\u2033 _module_preset=\"default\" global_colors_info=\"{}\"][et_pb_icon font_icon font_icon=\"{||divi||400\u2033 icon_color=\"#f07c00\u2033 _builder_version=\"4.22.1\u2033 _module_preset=\"default\" custom_margin=\"-79px|||0px||false|false|false\" custom_padding=\"|||0px||false|false|false\" global_colors_info=\"{}\"][\/et_pbb_icon][\/et_pb_icon][et_pb_text _builder_version=\"4.22.1\u2033 _module_preset=\"default\" text_font=\"Montserrat||||||||\" text_text_color=\"#000000\u2033 text_font_size=\"18px\" text_line_height=\"1.8em\" header_2_font=\"Poppins|500|||||||\" header_2_text_color=\"#FFFFFFFFFF\" header_2_font_size=\"18px\" header_2_line_height=\"1.7em\" text_orientation=\"center\" global_colors_info=\"{}\"]<\/p>\n<p><span>At <strong>MC Advisors<\/strong>We are committed to excellence in each of our services. Our experience and dedication are the key to provide you with effective solutions adapted to the particularities of your business.<\/span><\/p>\n<p>[\/et_pb_text][\/et_pb_column][\/et_pb_row][\/et_pb_section]<\/p>","protected":false},"excerpt":{"rendered":"<p>Our servicesBusiness management encompasses multiple facets. At MINCEB ASESORES, we offer comprehensive services in various areas, ensuring the best strategy and regulatory compliance.Professional quality servicesTax optimization and regulatory compliance. We guarantee that your company benefits from an adequate tax planning, tax filing and management of possible inspections.<\/p>","protected":false},"author":2,"featured_media":0,"parent":0,"menu_order":13,"comment_status":"closed","ping_status":"closed","template":"","meta":{"_et_pb_use_builder":"on","_et_pb_old_content":"","_et_gb_content_width":"","footnotes":""},"class_list":["post-25","page","type-page","status-publish","hentry"],"yoast_head":"<!-- This site is optimized with the Yoast SEO Premium plugin v20.5 (Yoast SEO v27.3) - https:\/\/yoast.com\/product\/yoast-seo-premium-wordpress\/ -->\n<title>Nuestros Servicios | MINCEB ASESORES S.L.: Soluciones Integrales para tu Empresa<\/title>\n<meta name=\"description\" content=\"Desde asesoramiento fiscal hasta gesti\u00f3n de seguros, en MINCEB ASESORES S.L. brindamos una amplia gama de servicios para impulsar el \u00e9xito de tu negocio.\" \/>\n<meta name=\"robots\" content=\"index, follow, max-snippet:-1, max-image-preview:large, max-video-preview:-1\" \/>\n<link rel=\"canonical\" href=\"https:\/\/mc-asesores.es\/en\/services\/\" \/>\n<meta property=\"og:locale\" content=\"en_US\" \/>\n<meta property=\"og:type\" content=\"article\" \/>\n<meta property=\"og:title\" content=\"Servicios\" \/>\n<meta property=\"og:description\" content=\"Desde asesoramiento fiscal hasta gesti\u00f3n de seguros, en MINCEB ASESORES S.L. brindamos una amplia gama de servicios para impulsar el \u00e9xito de tu negocio.\" \/>\n<meta property=\"og:url\" content=\"https:\/\/mc-asesores.es\/en\/services\/\" \/>\n<meta property=\"og:site_name\" content=\"Minceb Asesores\" \/>\n<meta property=\"article:modified_time\" content=\"2024-09-17T16:03:21+00:00\" \/>\n<meta name=\"twitter:card\" content=\"summary_large_image\" \/>\n<meta name=\"twitter:label1\" content=\"Est. reading time\" \/>\n\t<meta name=\"twitter:data1\" content=\"7 minutes\" \/>\n<script type=\"application\/ld+json\" class=\"yoast-schema-graph\">{\"@context\":\"https:\\\/\\\/schema.org\",\"@graph\":[{\"@type\":\"WebPage\",\"@id\":\"https:\\\/\\\/mc-asesores.es\\\/servicios\\\/\",\"url\":\"https:\\\/\\\/mc-asesores.es\\\/servicios\\\/\",\"name\":\"Nuestros Servicios | MINCEB ASESORES S.L.: Soluciones Integrales para tu Empresa\",\"isPartOf\":{\"@id\":\"https:\\\/\\\/mc-asesores.es\\\/#website\"},\"datePublished\":\"2023-09-11T21:58:02+00:00\",\"dateModified\":\"2024-09-17T16:03:21+00:00\",\"description\":\"Desde asesoramiento fiscal hasta gesti\u00f3n de seguros, en MINCEB ASESORES S.L. brindamos una amplia gama de servicios para impulsar el \u00e9xito de tu negocio.\",\"breadcrumb\":{\"@id\":\"https:\\\/\\\/mc-asesores.es\\\/servicios\\\/#breadcrumb\"},\"inLanguage\":\"en-US\",\"potentialAction\":[{\"@type\":\"ReadAction\",\"target\":[\"https:\\\/\\\/mc-asesores.es\\\/servicios\\\/\"]}]},{\"@type\":\"BreadcrumbList\",\"@id\":\"https:\\\/\\\/mc-asesores.es\\\/servicios\\\/#breadcrumb\",\"itemListElement\":[{\"@type\":\"ListItem\",\"position\":1,\"name\":\"Home\",\"item\":\"https:\\\/\\\/mc-asesores.es\\\/\"},{\"@type\":\"ListItem\",\"position\":2,\"name\":\"Servicios\"}]},{\"@type\":\"WebSite\",\"@id\":\"https:\\\/\\\/mc-asesores.es\\\/#website\",\"url\":\"https:\\\/\\\/mc-asesores.es\\\/\",\"name\":\"Minceb Asesores\",\"description\":\"\",\"publisher\":{\"@id\":\"https:\\\/\\\/mc-asesores.es\\\/#organization\"},\"potentialAction\":[{\"@type\":\"SearchAction\",\"target\":{\"@type\":\"EntryPoint\",\"urlTemplate\":\"https:\\\/\\\/mc-asesores.es\\\/?s={search_term_string}\"},\"query-input\":{\"@type\":\"PropertyValueSpecification\",\"valueRequired\":true,\"valueName\":\"search_term_string\"}}],\"inLanguage\":\"en-US\"},{\"@type\":\"Organization\",\"@id\":\"https:\\\/\\\/mc-asesores.es\\\/#organization\",\"name\":\"Minceb Asesores S.L.\",\"url\":\"https:\\\/\\\/mc-asesores.es\\\/\",\"logo\":{\"@type\":\"ImageObject\",\"inLanguage\":\"en-US\",\"@id\":\"https:\\\/\\\/mc-asesores.es\\\/#\\\/schema\\\/logo\\\/image\\\/\",\"url\":\"https:\\\/\\\/mc-asesores.es\\\/wp-content\\\/uploads\\\/logo-minceb.png\",\"contentUrl\":\"https:\\\/\\\/mc-asesores.es\\\/wp-content\\\/uploads\\\/logo-minceb.png\",\"width\":399,\"height\":380,\"caption\":\"Minceb Asesores S.L.\"},\"image\":{\"@id\":\"https:\\\/\\\/mc-asesores.es\\\/#\\\/schema\\\/logo\\\/image\\\/\"}}]}<\/script>\n<!-- \/ Yoast SEO Premium plugin. -->","yoast_head_json":{"title":"Nuestros Servicios | MINCEB ASESORES S.L.: Soluciones Integrales para tu Empresa","description":"Desde asesoramiento fiscal hasta gesti\u00f3n de seguros, en MINCEB ASESORES S.L. brindamos una amplia gama de servicios para impulsar el \u00e9xito de tu negocio.","robots":{"index":"index","follow":"follow","max-snippet":"max-snippet:-1","max-image-preview":"max-image-preview:large","max-video-preview":"max-video-preview:-1"},"canonical":"https:\/\/mc-asesores.es\/en\/services\/","og_locale":"en_US","og_type":"article","og_title":"Servicios","og_description":"Desde asesoramiento fiscal hasta gesti\u00f3n de seguros, en MINCEB ASESORES S.L. brindamos una amplia gama de servicios para impulsar el \u00e9xito de tu negocio.","og_url":"https:\/\/mc-asesores.es\/en\/services\/","og_site_name":"Minceb Asesores","article_modified_time":"2024-09-17T16:03:21+00:00","twitter_card":"summary_large_image","twitter_misc":{"Est. reading time":"7 minutes"},"schema":{"@context":"https:\/\/schema.org","@graph":[{"@type":"WebPage","@id":"https:\/\/mc-asesores.es\/servicios\/","url":"https:\/\/mc-asesores.es\/servicios\/","name":"Nuestros Servicios | MINCEB ASESORES S.L.: Soluciones Integrales para tu Empresa","isPartOf":{"@id":"https:\/\/mc-asesores.es\/#website"},"datePublished":"2023-09-11T21:58:02+00:00","dateModified":"2024-09-17T16:03:21+00:00","description":"Desde asesoramiento fiscal hasta gesti\u00f3n de seguros, en MINCEB ASESORES S.L. brindamos una amplia gama de servicios para impulsar el \u00e9xito de tu negocio.","breadcrumb":{"@id":"https:\/\/mc-asesores.es\/servicios\/#breadcrumb"},"inLanguage":"en-US","potentialAction":[{"@type":"ReadAction","target":["https:\/\/mc-asesores.es\/servicios\/"]}]},{"@type":"BreadcrumbList","@id":"https:\/\/mc-asesores.es\/servicios\/#breadcrumb","itemListElement":[{"@type":"ListItem","position":1,"name":"Home","item":"https:\/\/mc-asesores.es\/"},{"@type":"ListItem","position":2,"name":"Servicios"}]},{"@type":"WebSite","@id":"https:\/\/mc-asesores.es\/#website","url":"https:\/\/mc-asesores.es\/","name":"Minceb Asesores","description":"","publisher":{"@id":"https:\/\/mc-asesores.es\/#organization"},"potentialAction":[{"@type":"SearchAction","target":{"@type":"EntryPoint","urlTemplate":"https:\/\/mc-asesores.es\/?s={search_term_string}"},"query-input":{"@type":"PropertyValueSpecification","valueRequired":true,"valueName":"search_term_string"}}],"inLanguage":"en-US"},{"@type":"Organization","@id":"https:\/\/mc-asesores.es\/#organization","name":"Minceb Asesores S.L.","url":"https:\/\/mc-asesores.es\/","logo":{"@type":"ImageObject","inLanguage":"en-US","@id":"https:\/\/mc-asesores.es\/#\/schema\/logo\/image\/","url":"https:\/\/mc-asesores.es\/wp-content\/uploads\/logo-minceb.png","contentUrl":"https:\/\/mc-asesores.es\/wp-content\/uploads\/logo-minceb.png","width":399,"height":380,"caption":"Minceb Asesores S.L."},"image":{"@id":"https:\/\/mc-asesores.es\/#\/schema\/logo\/image\/"}}]}},"_links":{"self":[{"href":"https:\/\/mc-asesores.es\/en\/wp-json\/wp\/v2\/pages\/25","targetHints":{"allow":["GET"]}}],"collection":[{"href":"https:\/\/mc-asesores.es\/en\/wp-json\/wp\/v2\/pages"}],"about":[{"href":"https:\/\/mc-asesores.es\/en\/wp-json\/wp\/v2\/types\/page"}],"author":[{"embeddable":true,"href":"https:\/\/mc-asesores.es\/en\/wp-json\/wp\/v2\/users\/2"}],"replies":[{"embeddable":true,"href":"https:\/\/mc-asesores.es\/en\/wp-json\/wp\/v2\/comments?post=25"}],"version-history":[{"count":9,"href":"https:\/\/mc-asesores.es\/en\/wp-json\/wp\/v2\/pages\/25\/revisions"}],"predecessor-version":[{"id":385,"href":"https:\/\/mc-asesores.es\/en\/wp-json\/wp\/v2\/pages\/25\/revisions\/385"}],"wp:attachment":[{"href":"https:\/\/mc-asesores.es\/en\/wp-json\/wp\/v2\/media?parent=25"}],"curies":[{"name":"wp","href":"https:\/\/api.w.org\/{rel}","templated":true}]}}